{"id":45870,"date":"2026-01-27T17:52:11","date_gmt":"2026-01-27T15:52:11","guid":{"rendered":"https:\/\/www.davidfeldman.com\/trattativa-privata\/"},"modified":"2026-01-27T17:52:18","modified_gmt":"2026-01-27T15:52:18","slug":"trattativa-privata","status":"publish","type":"page","link":"https:\/\/www.davidfeldman.com\/it\/trattativa-privata\/","title":{"rendered":"Trattativa privata"},"content":{"rendered":"<p>[et_pb_section fb_built=&#8221;1&#8243; admin_label=&#8221;section&#8221; _builder_version=&#8221;4.16&#8243; custom_padding=&#8221;54px|0px|54px|0px|false|false&#8221; global_colors_info=&#8221;{}&#8221;][et_pb_row column_structure=&#8221;2_3,1_3&#8243; admin_label=&#8221;fila&#8221; _builder_version=&#8221;4.16&#8243; background_size=&#8221;initial&#8221; background_position=&#8221;top_left&#8221; background_repeat=&#8221;repeat&#8221; custom_padding=&#8221;0|0px|27px|0px|false|false&#8221; global_colors_info=&#8221;{}&#8221;][et_pb_column type=&#8221;2_3&#8243; _builder_version=&#8221;4.16&#8243; custom_padding=&#8221;|||&#8221; global_colors_info=&#8221;{}&#8221; custom_padding__hover=&#8221;|||&#8221;][et_pb_text _builder_version=&#8221;4.16.1&#8243; global_colors_info=&#8221;{}&#8221;]<\/p>\n<h1>TRATTATIVA PRIVATA<\/h1>\n<p>[\/et_pb_text][et_pb_text _builder_version=&#8221;4.16&#8243; background_size=&#8221;initial&#8221; background_position=&#8221;top_left&#8221; background_repeat=&#8221;repeat&#8221; custom_padding=&#8221;||7px|||&#8221; global_colors_info=&#8221;{}&#8221;]<\/p>\n<p>Da oltre 50 anni, oltre all&#8217;attivit\u00e0 di aste, agiamo anche come intermediari nell&#8217;acquisto e nella vendita di articoli filatelici direttamente tra collezionisti (tramite trattativa privata) \u2013 da singoli francobolli e buste di grande rarit\u00e0, a collezioni specializzate e mostre, oltre ad accumuli, stock di commercianti e archivi di stampatori.<\/p>\n<p><span>Grazie alla nostra reputazione di aver venduto pi\u00f9 rarit\u00e0 di alta qualit\u00e0 rispetto a qualsiasi altra casa d&#8217;aste,<\/span> non c&#8217;\u00e8 nessuno meglio posizionato per assistere i collezionisti nell&#8217;acquisto e nella vendita di importanti rarit\u00e0. I nostri anni di esperienza e il contatto con i nostri clienti ci consentono di consigliarli nello sviluppo delle loro collezioni, poich\u00e9 non solo sappiamo quali articoli esistono che porteranno una collezione al livello successivo, ma, cosa pi\u00f9 importante, sappiamo anche dove trovare quei pezzi da esposizione. <\/p>\n<p>Quindi, se desideri beneficiare della nostra vasta conoscenza ed esperienza, <a href=\"https:\/\/www.davidfeldman.com\/it\/contatti\/\">contattaci oggi stesso<\/a>.<\/p>\n<p>[\/et_pb_text][\/et_pb_column][et_pb_column type=&#8221;1_3&#8243; _builder_version=&#8221;4.16&#8243; custom_padding=&#8221;|||&#8221; global_colors_info=&#8221;{}&#8221; custom_padding__hover=&#8221;|||&#8221;][et_pb_sidebar orientation=&#8221;right&#8221; area=&#8221;et_pb_widget_area_5&#8243; _builder_version=&#8221;4.16&#8243; border_width_left=&#8221;1px&#8221; global_colors_info=&#8221;{}&#8221;]<\/p>\n<p>[\/et_pb_sidebar][\/et_pb_column][\/et_pb_row][et_pb_row _builder_version=&#8221;4.16.1&#8243; _module_preset=&#8221;default&#8221; global_colors_info=&#8221;{}&#8221;][et_pb_column type=&#8221;4_4&#8243; _builder_version=&#8221;4.16.1&#8243; _module_preset=&#8221;default&#8221; global_colors_info=&#8221;{}&#8221;][et_pb_divider _builder_version=&#8221;4.16.1&#8243; _module_preset=&#8221;default&#8221; global_colors_info=&#8221;{}&#8221;][\/et_pb_divider][\/et_pb_column][\/et_pb_row][et_pb_row _builder_version=&#8221;4.16.1&#8243; _module_preset=&#8221;default&#8221; global_colors_info=&#8221;{}&#8221;][et_pb_column type=&#8221;4_4&#8243; _builder_version=&#8221;4.16.1&#8243; _module_preset=&#8221;default&#8221; global_colors_info=&#8221;{}&#8221;][et_pb_text _builder_version=&#8221;4.27.4&#8243; _module_preset=&#8221;default&#8221; hover_enabled=&#8221;0&#8243; sticky_enabled=&#8221;0&#8243;]<\/p>\n<h1><strong>Gamma di valori definitivi e commemorativi dell&#8217;Egitto per trattativa privata<\/strong><\/h1>\n<p>[\/et_pb_text][et_pb_button button_text=&#8221;Sfoglia gli articoli disponibili&#8221; _builder_version=&#8221;4.27.4&#8243; _module_preset=&#8221;default&#8221; button_url=&#8221;https:\/\/www.davidfeldman.com\/dfsa-auctions\/egypt-pt-2025\/egypt-pt-2025\/&#8221; hover_enabled=&#8221;0&#8243; sticky_enabled=&#8221;0&#8243; button_alignment=&#8221;center&#8221;][\/et_pb_button][\/et_pb_column][\/et_pb_row][et_pb_row _builder_version=&#8221;4.16&#8243; _module_preset=&#8221;default&#8221; custom_padding=&#8221;3px||2px|||&#8221; global_colors_info=&#8221;{}&#8221;][et_pb_column type=&#8221;4_4&#8243; _builder_version=&#8221;4.16&#8243; _module_preset=&#8221;default&#8221; global_colors_info=&#8221;{}&#8221;][et_pb_divider _builder_version=&#8221;4.16.1&#8243; _module_preset=&#8221;default&#8221; global_colors_info=&#8221;{}&#8221;][\/et_pb_divider][\/et_pb_column][\/et_pb_row][et_pb_row _builder_version=&#8221;4.16&#8243; _module_preset=&#8221;default&#8221; custom_padding=&#8221;||2px|||&#8221; global_colors_info=&#8221;{}&#8221;][et_pb_column type=&#8221;4_4&#8243; _builder_version=&#8221;4.16&#8243; _module_preset=&#8221;default&#8221; global_colors_info=&#8221;{}&#8221;][et_pb_text _builder_version=&#8221;4.16.1&#8243; _module_preset=&#8221;default&#8221; global_colors_info=&#8221;{}&#8221;]<\/p>\n<h2><strong>BERMUDA: Seconda emissione di Perot<\/strong><\/h2>\n<p class=\"p1\">Provvisorio del direttore postale delle Bermuda: Seconda emissione di Perot. Uno dei soli cinque esemplari registrati <\/p>\n<p><span>Prezzo su richiesta <\/span><\/p>\n<p>[\/et_pb_text][\/et_pb_column][\/et_pb_row][et_pb_row _builder_version=&#8221;4.16.1&#8243; custom_margin=&#8221;|auto|60px|auto||&#8221; global_colors_info=&#8221;{}&#8221;][et_pb_column type=&#8221;4_4&#8243; _builder_version=&#8221;4.16&#8243; global_colors_info=&#8221;{}&#8221;][et_pb_image src=&#8221;https:\/\/www.davidfeldman.com\/wp-content\/uploads\/2022\/01\/1000-336-banners-35.png&#8221; alt=&#8221;Francobollo delle Bermuda Seconda emissione di Perot&#8221; title_text=&#8221;Francobollo delle Bermuda Seconda emissione di Perot&#8221; _builder_version=&#8221;4.16&#8243; _module_preset=&#8221;default&#8221; global_colors_info=&#8221;{}&#8221;][\/et_pb_image][\/et_pb_column][\/et_pb_row][et_pb_row _builder_version=&#8221;4.16.1&#8243; _module_preset=&#8221;default&#8221; min_height=&#8221;63.8px&#8221; global_colors_info=&#8221;{}&#8221;][et_pb_column type=&#8221;4_4&#8243; _builder_version=&#8221;4.16.1&#8243; _module_preset=&#8221;default&#8221; global_colors_info=&#8221;{}&#8221;][et_pb_divider _builder_version=&#8221;4.16.1&#8243; _module_preset=&#8221;default&#8221; global_colors_info=&#8221;{}&#8221;][\/et_pb_divider][\/et_pb_column][\/et_pb_row][et_pb_row _builder_version=&#8221;4.16.1&#8243; custom_margin=&#8221;|auto|60px|auto||&#8221; global_colors_info=&#8221;{}&#8221;][et_pb_column type=&#8221;4_4&#8243; _builder_version=&#8221;4.16&#8243; global_colors_info=&#8221;{}&#8221;][et_pb_text _builder_version=&#8221;4.16.1&#8243; min_height=&#8221;18px&#8221; custom_margin=&#8221;||5px|||&#8221; custom_padding=&#8221;||0px|||&#8221; global_colors_info=&#8221;{}&#8221;]<\/p>\n<h2><strong>IMPERO BRITANNICO: Prove di conio Perkins Bacon<\/h2>\n<p><\/strong>Prove di Britannia di diversi valori da Barbados e Trinidad, e due prove dall&#8217;emissione di Ceylon \u201cPence\u201d. Prezzo su richiesta &#8211; <a href=\"https:\/\/www.davidfeldman.com\/2021\/03\/perkins-bacon-die-proofs-for-sale-by-private-treaty\/\">clicca per saperne di pi\u00f9<\/a><strong><br \/>\n<\/strong>[\/et_pb_text][et_pb_image src=&#8221;https:\/\/www.davidfeldman.com\/wp-content\/uploads\/2021\/03\/Banner-PT-Barbados.jpg&#8221; alt=&#8221;Prove di conio Perkins Bacon&#8221; title_text=&#8221;Banner-PT-Barbados&#8221; url=&#8221;https:\/\/www.davidfeldman.com\/2021\/03\/perkins-bacon-die-proofs-for-sale-by-private-treaty\/&#8221; url_new_window=&#8221;on&#8221; _builder_version=&#8221;4.16.1&#8243; global_colors_info=&#8221;{}&#8221;][\/et_pb_image][\/et_pb_column][\/et_pb_row][et_pb_row _builder_version=&#8221;4.16.1&#8243; _module_preset=&#8221;default&#8221; global_colors_info=&#8221;{}&#8221;][et_pb_column type=&#8221;4_4&#8243; _builder_version=&#8221;4.16.1&#8243; _module_preset=&#8221;default&#8221; global_colors_info=&#8221;{}&#8221;][et_pb_divider _builder_version=&#8221;4.16.1&#8243; _module_preset=&#8221;default&#8221; global_colors_info=&#8221;{}&#8221;][\/et_pb_divider][\/et_pb_column][\/et_pb_row][et_pb_row _builder_version=&#8221;4.16.1&#8243; custom_padding=&#8221;4px|||||&#8221; global_colors_info=&#8221;{}&#8221;][et_pb_column type=&#8221;4_4&#8243; _builder_version=&#8221;4.16&#8243; global_colors_info=&#8221;{}&#8221;][et_pb_text _builder_version=&#8221;4.16.1&#8243; custom_margin=&#8221;||4px|||&#8221; global_colors_info=&#8221;{}&#8221;]<\/p>\n<h2><strong>Gran Bretagna 1840 1d Nero e 1d Rossi <\/strong><\/h2>\n<p>(7 articoli) &#8211; <a href=\"https:\/\/www.davidfeldman.com\/2020\/04\/new-major-gb-rarities-available-by-private-treaty\/\">clicca per saperne di pi\u00f9<\/a>.<strong><br \/>\n<\/strong>[\/et_pb_text][et_pb_image src=&#8221;https:\/\/www.davidfeldman.com\/wp-content\/uploads\/2020\/04\/Banner-Private-Treaty-GB.jpg&#8221; title_text=&#8221;Banner-Private-Treaty-GB&#8221; url=&#8221;https:\/\/www.davidfeldman.com\/2020\/04\/new-major-gb-rarities-available-by-private-treaty\/&#8221; align=&#8221;center&#8221; _builder_version=&#8221;4.16.1&#8243; global_colors_info=&#8221;{}&#8221;][\/et_pb_image][\/et_pb_column][\/et_pb_row][et_pb_row _builder_version=&#8221;4.16.1&#8243; _module_preset=&#8221;default&#8221; global_colors_info=&#8221;{}&#8221;][et_pb_column type=&#8221;4_4&#8243; _builder_version=&#8221;4.16.1&#8243; _module_preset=&#8221;default&#8221; global_colors_info=&#8221;{}&#8221;][et_pb_divider _builder_version=&#8221;4.16.1&#8243; _module_preset=&#8221;default&#8221; global_colors_info=&#8221;{}&#8221;][\/et_pb_divider][\/et_pb_column][\/et_pb_row][et_pb_row _builder_version=&#8221;4.16&#8243; global_colors_info=&#8221;{}&#8221;][et_pb_column type=&#8221;4_4&#8243; _builder_version=&#8221;4.16&#8243; global_colors_info=&#8221;{}&#8221;][et_pb_text _builder_version=&#8221;4.16.1&#8243; custom_margin=&#8221;||9px|||&#8221; custom_padding=&#8221;||0px|||&#8221; global_colors_info=&#8221;{}&#8221;]<\/p>\n<h2><strong>Gran Bretagna 1840 2d Blu<\/strong><\/h2>\n<p>(6 articoli) &#8211; <a href=\"https:\/\/www.davidfeldman.com\/2020\/06\/new-major-gb-rarities-available-by-private-treaty-2\/\">clicca per saperne di pi\u00f9<\/a>.<\/p>\n<p>[\/et_pb_text][et_pb_image src=&#8221;https:\/\/www.davidfeldman.com\/wp-content\/uploads\/2020\/06\/DigestJune4_PT_GB.jpg&#8221; alt=&#8221;Francobolli GB in trattativa privata&#8221; title_text=&#8221;DigestJune4_PT_GB&#8221; url=&#8221;https:\/\/www.davidfeldman.com\/2020\/06\/new-major-gb-rarities-available-by-private-treaty-2\/&#8221; align=&#8221;center&#8221; _builder_version=&#8221;4.16.1&#8243; global_colors_info=&#8221;{}&#8221;][\/et_pb_image][et_pb_divider _builder_version=&#8221;4.16.1&#8243; _module_preset=&#8221;default&#8221; global_colors_info=&#8221;{}&#8221;][\/et_pb_divider][\/et_pb_column][\/et_pb_row][et_pb_row _builder_version=&#8221;4.16.1&#8243; _module_preset=&#8221;default&#8221; custom_margin=&#8221;|auto|25px|auto||&#8221; global_colors_info=&#8221;{}&#8221;][et_pb_column type=&#8221;4_4&#8243; _builder_version=&#8221;4.16&#8243; _module_preset=&#8221;default&#8221; global_colors_info=&#8221;{}&#8221;][et_pb_text _builder_version=&#8221;4.16.1&#8243; _module_preset=&#8221;default&#8221; custom_margin=&#8221;||12px|||&#8221; global_colors_info=&#8221;{}&#8221;]<\/p>\n<h2><strong>Gran Bretagna 1841 Incisione in linea<\/strong><\/h2>\n<p>(4 articoli) &#8211; <a href=\"https:\/\/www.davidfeldman.com\/2020\/12\/1841-line-engraved-rarities-available-by-private-treaty\/\">clicca per saperne di pi\u00f9<\/a><\/p>\n<p>[\/et_pb_text][et_pb_image src=&#8221;https:\/\/www.davidfeldman.com\/wp-content\/uploads\/2020\/12\/1841-2d-blue-rarities-banner-e1610968820374.jpg&#8221; title_text=&#8221;1841-2d-blue-rarities-banner&#8221; url=&#8221;https:\/\/www.davidfeldman.com\/2020\/12\/1841-line-engraved-rarities-available-by-private-treaty\/&#8221; align=&#8221;center&#8221; _builder_version=&#8221;4.16.1&#8243; _module_preset=&#8221;default&#8221; global_colors_info=&#8221;{}&#8221;][\/et_pb_image][\/et_pb_column][\/et_pb_row][\/et_pb_section]<\/p>\n","protected":false},"excerpt":{"rendered":"<p>TRATTATIVA PRIVATADa oltre 50 anni, oltre all&#8217;attivit\u00e0 di aste, agiamo anche come intermediari nell&#8217;acquisto e nella vendita di articoli filatelici direttamente tra collezionisti (tramite trattativa privata) \u2013 da singoli francobolli e buste di grande rarit\u00e0, a collezioni specializzate e mostre, oltre ad accumuli, stock di commercianti e archivi di stampatori. Grazie alla nostra reputazione di [&hellip;]<\/p>\n","protected":false},"author":1,"featured_media":0,"parent":0,"menu_order":0,"comment_status":"closed","ping_status":"closed","template":"","meta":{"_acf_changed":false,"_et_pb_use_builder":"on","_et_pb_old_content":"","_et_gb_content_width":"","_uf_show_specific_survey":0,"_uf_disable_surveys":false,"footnotes":""},"class_list":["post-45870","page","type-page","status-publish","hentry"],"acf":[],"yoast_head":"<!-- This site is optimized with the Yoast SEO Premium plugin v27.5 (Yoast SEO v27.5) - https:\/\/yoast.com\/product\/yoast-seo-premium-wordpress\/ -->\n<title>Vendi la tua collezione tramite trattativa privata<\/title>\n<meta name=\"description\" content=\"Se desideri vendere la tua collezione di francobolli direttamente a un altro collezionista senza includerla in un&#039;asta, la trattativa privata \u00e8 la soluzione.\" \/>\n<meta name=\"robots\" content=\"index, follow, max-snippet:-1, max-image-preview:large, max-video-preview:-1\" \/>\n<link rel=\"canonical\" href=\"https:\/\/www.davidfeldman.com\/it\/trattativa-privata\/\" \/>\n<script type=\"application\/ld+json\" class=\"yoast-schema-graph\">{\"@context\":\"https:\\\/\\\/schema.org\",\"@graph\":[{\"@type\":\"WebPage\",\"@id\":\"https:\\\/\\\/www.davidfeldman.com\\\/it\\\/trattativa-privata\\\/\",\"url\":\"https:\\\/\\\/www.davidfeldman.com\\\/it\\\/trattativa-privata\\\/\",\"name\":\"Vendi la tua collezione tramite trattativa privata\",\"isPartOf\":{\"@id\":\"https:\\\/\\\/www.davidfeldman.com\\\/it\\\/#website\"},\"datePublished\":\"2026-01-27T15:52:11+00:00\",\"dateModified\":\"2026-01-27T15:52:18+00:00\",\"description\":\"Se desideri vendere la tua collezione di francobolli direttamente a un altro collezionista senza includerla in un'asta, la trattativa privata \u00e8 la soluzione.\",\"breadcrumb\":{\"@id\":\"https:\\\/\\\/www.davidfeldman.com\\\/it\\\/trattativa-privata\\\/#breadcrumb\"},\"inLanguage\":\"it-IT\",\"potentialAction\":[{\"@type\":\"ReadAction\",\"target\":[\"https:\\\/\\\/www.davidfeldman.com\\\/it\\\/trattativa-privata\\\/\"]}]},{\"@type\":\"BreadcrumbList\",\"@id\":\"https:\\\/\\\/www.davidfeldman.com\\\/it\\\/trattativa-privata\\\/#breadcrumb\",\"itemListElement\":[{\"@type\":\"ListItem\",\"position\":1,\"name\":\"Accueil\",\"item\":\"https:\\\/\\\/www.davidfeldman.com\\\/it\\\/\"},{\"@type\":\"ListItem\",\"position\":2,\"name\":\"Trattativa privata\"}]},{\"@type\":\"WebSite\",\"@id\":\"https:\\\/\\\/www.davidfeldman.com\\\/it\\\/#website\",\"url\":\"https:\\\/\\\/www.davidfeldman.com\\\/it\\\/\",\"name\":\"David Feldman International Auctioneers\",\"description\":\"Stamp Auctions\",\"publisher\":{\"@id\":\"https:\\\/\\\/www.davidfeldman.com\\\/it\\\/#organization\"},\"potentialAction\":[{\"@type\":\"SearchAction\",\"target\":{\"@type\":\"EntryPoint\",\"urlTemplate\":\"https:\\\/\\\/www.davidfeldman.com\\\/it\\\/?s={search_term_string}\"},\"query-input\":{\"@type\":\"PropertyValueSpecification\",\"valueRequired\":true,\"valueName\":\"search_term_string\"}}],\"inLanguage\":\"it-IT\"},{\"@type\":\"Organization\",\"@id\":\"https:\\\/\\\/www.davidfeldman.com\\\/it\\\/#organization\",\"name\":\"David Feldman SA\",\"url\":\"https:\\\/\\\/www.davidfeldman.com\\\/it\\\/\",\"logo\":{\"@type\":\"ImageObject\",\"inLanguage\":\"it-IT\",\"@id\":\"https:\\\/\\\/www.davidfeldman.com\\\/it\\\/#\\\/schema\\\/logo\\\/image\\\/\",\"url\":\"https:\\\/\\\/3.248.28.76\\\/wp-content\\\/uploads\\\/2018\\\/08\\\/header_df_logo.jpg\",\"contentUrl\":\"https:\\\/\\\/3.248.28.76\\\/wp-content\\\/uploads\\\/2018\\\/08\\\/header_df_logo.jpg\",\"width\":326,\"height\":55,\"caption\":\"David Feldman SA\"},\"image\":{\"@id\":\"https:\\\/\\\/www.davidfeldman.com\\\/it\\\/#\\\/schema\\\/logo\\\/image\\\/\"},\"sameAs\":[\"https:\\\/\\\/www.facebook.com\\\/davidfeldmansa\\\/\",\"https:\\\/\\\/www.youtube.com\\\/user\\\/DavidFeldmanSA\",\"https:\\\/\\\/www.instagram.com\\\/davidfeldman_sa\\\/\"]}]}<\/script>\n<!-- \/ Yoast SEO Premium plugin. -->","yoast_head_json":{"title":"Vendi la tua collezione tramite trattativa privata","description":"Se desideri vendere la tua collezione di francobolli direttamente a un altro collezionista senza includerla in un'asta, la trattativa privata \u00e8 la soluzione.","robots":{"index":"index","follow":"follow","max-snippet":"max-snippet:-1","max-image-preview":"max-image-preview:large","max-video-preview":"max-video-preview:-1"},"canonical":"https:\/\/www.davidfeldman.com\/it\/trattativa-privata\/","schema":{"@context":"https:\/\/schema.org","@graph":[{"@type":"WebPage","@id":"https:\/\/www.davidfeldman.com\/it\/trattativa-privata\/","url":"https:\/\/www.davidfeldman.com\/it\/trattativa-privata\/","name":"Vendi la tua collezione tramite trattativa privata","isPartOf":{"@id":"https:\/\/www.davidfeldman.com\/it\/#website"},"datePublished":"2026-01-27T15:52:11+00:00","dateModified":"2026-01-27T15:52:18+00:00","description":"Se desideri vendere la tua collezione di francobolli direttamente a un altro collezionista senza includerla in un'asta, la trattativa privata \u00e8 la soluzione.","breadcrumb":{"@id":"https:\/\/www.davidfeldman.com\/it\/trattativa-privata\/#breadcrumb"},"inLanguage":"it-IT","potentialAction":[{"@type":"ReadAction","target":["https:\/\/www.davidfeldman.com\/it\/trattativa-privata\/"]}]},{"@type":"BreadcrumbList","@id":"https:\/\/www.davidfeldman.com\/it\/trattativa-privata\/#breadcrumb","itemListElement":[{"@type":"ListItem","position":1,"name":"Accueil","item":"https:\/\/www.davidfeldman.com\/it\/"},{"@type":"ListItem","position":2,"name":"Trattativa privata"}]},{"@type":"WebSite","@id":"https:\/\/www.davidfeldman.com\/it\/#website","url":"https:\/\/www.davidfeldman.com\/it\/","name":"David Feldman International Auctioneers","description":"Stamp Auctions","publisher":{"@id":"https:\/\/www.davidfeldman.com\/it\/#organization"},"potentialAction":[{"@type":"SearchAction","target":{"@type":"EntryPoint","urlTemplate":"https:\/\/www.davidfeldman.com\/it\/?s={search_term_string}"},"query-input":{"@type":"PropertyValueSpecification","valueRequired":true,"valueName":"search_term_string"}}],"inLanguage":"it-IT"},{"@type":"Organization","@id":"https:\/\/www.davidfeldman.com\/it\/#organization","name":"David Feldman SA","url":"https:\/\/www.davidfeldman.com\/it\/","logo":{"@type":"ImageObject","inLanguage":"it-IT","@id":"https:\/\/www.davidfeldman.com\/it\/#\/schema\/logo\/image\/","url":"https:\/\/3.248.28.76\/wp-content\/uploads\/2018\/08\/header_df_logo.jpg","contentUrl":"https:\/\/3.248.28.76\/wp-content\/uploads\/2018\/08\/header_df_logo.jpg","width":326,"height":55,"caption":"David Feldman SA"},"image":{"@id":"https:\/\/www.davidfeldman.com\/it\/#\/schema\/logo\/image\/"},"sameAs":["https:\/\/www.facebook.com\/davidfeldmansa\/","https:\/\/www.youtube.com\/user\/DavidFeldmanSA","https:\/\/www.instagram.com\/davidfeldman_sa\/"]}]}},"_links":{"self":[{"href":"https:\/\/www.davidfeldman.com\/it\/wp-json\/wp\/v2\/pages\/45870","targetHints":{"allow":["GET"]}}],"collection":[{"href":"https:\/\/www.davidfeldman.com\/it\/wp-json\/wp\/v2\/pages"}],"about":[{"href":"https:\/\/www.davidfeldman.com\/it\/wp-json\/wp\/v2\/types\/page"}],"author":[{"embeddable":true,"href":"https:\/\/www.davidfeldman.com\/it\/wp-json\/wp\/v2\/users\/1"}],"replies":[{"embeddable":true,"href":"https:\/\/www.davidfeldman.com\/it\/wp-json\/wp\/v2\/comments?post=45870"}],"version-history":[{"count":2,"href":"https:\/\/www.davidfeldman.com\/it\/wp-json\/wp\/v2\/pages\/45870\/revisions"}],"predecessor-version":[{"id":45872,"href":"https:\/\/www.davidfeldman.com\/it\/wp-json\/wp\/v2\/pages\/45870\/revisions\/45872"}],"wp:attachment":[{"href":"https:\/\/www.davidfeldman.com\/it\/wp-json\/wp\/v2\/media?parent=45870"}],"curies":[{"name":"wp","href":"https:\/\/api.w.org\/{rel}","templated":true}]}}