{"id":45508,"date":"2026-01-27T16:56:34","date_gmt":"2026-01-27T14:56:34","guid":{"rendered":"https:\/\/www.davidfeldman.com\/la-nostra-azienda\/"},"modified":"2026-01-27T16:56:39","modified_gmt":"2026-01-27T14:56:39","slug":"la-nostra-azienda","status":"publish","type":"page","link":"https:\/\/www.davidfeldman.com\/it\/la-nostra-azienda\/","title":{"rendered":"La nostra azienda"},"content":{"rendered":"\n[et_pb_section][et_pb_row][et_pb_column type=&#8221;4_4&#8243;][et_pb_text]David Feldman \u00e8 una delle case d&#8217;asta filateliche pi\u00f9 importanti al mondo, detentrice di record mondiali tra cui l&#8217;oggetto filatelico di maggior valore, il francobollo di maggior valore e il grande lotto di maggior valore mai venduto. Abbiamo uffici a Ginevra, Hong Kong e New York. Siamo il tuo partner affidabile per la vendita e l&#8217;acquisto di propriet\u00e0 filateliche, da singoli francobolli a collezioni, mostre e propriet\u00e0. La nostra missione \u00e8 semplice: I TUOI risultati sono importanti per noi e faremo del nostro meglio per garantire il massimo risultato possibile ai nostri venditori, attraverso accordi e servizi amichevoli e flessibili, una promozione e una presentazione intelligente e una solidit\u00e0 finanziaria affidabile. Per i collezionisti, siamo il luogo perfetto per trovare il raro e l&#8217;insolito, da una piccola aggiunta attraente al <em>pezzo forte<\/em> della tua collezione, con una gamma di materiale che interessa i collezionisti di tutti i settori della filatelia &#8211; e lo siamo da oltre 40 anni.    \n<h2><a href=\"https:\/\/www.davidfeldman.com\/about-us\/about-david-feldman\/history-2\/\">La storia<\/a><\/h2>\nLeggi la storia della fondazione di David Feldman e la sua continua evoluzione.\n<h2><a title=\"Uffici di David Feldman nel mondo\" href=\"https:\/\/www.davidfeldman.com\/about-us\/locations\/\" target=\"_self\" rel=\"noopener noreferrer\">Luoghi<\/a><\/h2>\nTrova i contatti e le informazioni per i nostri uffici di Ginevra, Hong Kong e New York.\n<h2><a title=\"Il team di David Feldman\" href=\"https:\/\/www.davidfeldman.com\/about-us\/team\/\" target=\"_self\" rel=\"noopener noreferrer\">Il team di David Feldman<\/a><\/h2>\nTi presentiamo il nostro staff cordiale, disponibile e professionale\n<h2><a title=\"Aiuto e domande frequenti\" href=\"https:\/\/www.davidfeldman.com\/about-us\/help-faq\/\">Aiuto e domande frequenti<\/a><\/h2>\nConsulta l&#8217;elenco delle domande pi\u00f9 frequenti sulla nostra attivit\u00e0[\/et_pb_text][\/et_pb_column][\/et_pb_row][\/et_pb_section]\n","protected":false},"excerpt":{"rendered":"<p><div class=\"et_pb_section et_pb_section_0 et_section_regular\" >\n\t\t\t\t\n\t\t\t\t\n\t\t\t\t\n\t\t\t\t\n\t\t\t\t\n\t\t\t\t\n\t\t\t\t\n\t\t\t\t\n\t\t\t\t\n\t\t\t<\/div><div class=\"et_pb_row et_pb_row_0 et_pb_row_empty\">\n\t\t\t\t\n\t\t\t\t\n\t\t\t\t\n\t\t\t\t\n\t\t\t\t\n\t\t\t<\/div><div class=\"et_pb_module et_pb_text et_pb_text_0  et_pb_text_align_left et_pb_bg_layout_light\">\n\t\t\t\t\n\t\t\t\t\n\t\t\t\t\n\t\t\t\t\n\t\t\t\t\n\t\t\t<\/div>David Feldman \u00e8 una delle case d&#8217;asta filateliche pi\u00f9 importanti al mondo, detentrice di record mondiali tra cui l&#8217;oggetto filatelico di maggior valore, il francobollo di maggior valore e il grande lotto di maggior valore mai venduto. Abbiamo uffici a Ginevra, Hong Kong e New York. Siamo il tuo partner affidabile per la vendita e [&hellip;]<\/p>\n","protected":false},"author":4,"featured_media":0,"parent":0,"menu_order":4,"comment_status":"closed","ping_status":"closed","template":"","meta":{"_acf_changed":false,"_et_pb_use_builder":"on","_et_pb_old_content":"","_et_gb_content_width":"","_uf_show_specific_survey":0,"_uf_disable_surveys":false,"footnotes":""},"class_list":["post-45508","page","type-page","status-publish","hentry"],"acf":[],"yoast_head":"<!-- This site is optimized with the Yoast SEO Premium plugin v27.5 (Yoast SEO v27.6) - https:\/\/yoast.com\/product\/yoast-seo-premium-wordpress\/ -->\n<title>Scopri la storia dell&#039;azienda David Feldman SA<\/title>\n<meta name=\"description\" content=\"David Feldman \u00e8 una delle case d&#039;asta filateliche pi\u00f9 importanti del mondo e detiene record mondiali, tra cui quello dell&#039;oggetto filatelico di maggior valore mai venduto.\" \/>\n<meta name=\"robots\" content=\"index, follow, max-snippet:-1, max-image-preview:large, max-video-preview:-1\" \/>\n<link rel=\"canonical\" href=\"https:\/\/www.davidfeldman.com\/it\/la-nostra-azienda\/\" \/>\n<script type=\"application\/ld+json\" class=\"yoast-schema-graph\">{\"@context\":\"https:\\\/\\\/schema.org\",\"@graph\":[{\"@type\":\"WebPage\",\"@id\":\"https:\\\/\\\/www.davidfeldman.com\\\/it\\\/la-nostra-azienda\\\/\",\"url\":\"https:\\\/\\\/www.davidfeldman.com\\\/it\\\/la-nostra-azienda\\\/\",\"name\":\"Scopri la storia dell'azienda David Feldman SA\",\"isPartOf\":{\"@id\":\"https:\\\/\\\/www.davidfeldman.com\\\/it\\\/#website\"},\"datePublished\":\"2026-01-27T14:56:34+00:00\",\"dateModified\":\"2026-01-27T14:56:39+00:00\",\"description\":\"David Feldman \u00e8 una delle case d'asta filateliche pi\u00f9 importanti del mondo e detiene record mondiali, tra cui quello dell'oggetto filatelico di maggior valore mai venduto.\",\"breadcrumb\":{\"@id\":\"https:\\\/\\\/www.davidfeldman.com\\\/it\\\/la-nostra-azienda\\\/#breadcrumb\"},\"inLanguage\":\"it-IT\",\"potentialAction\":[{\"@type\":\"ReadAction\",\"target\":[\"https:\\\/\\\/www.davidfeldman.com\\\/it\\\/la-nostra-azienda\\\/\"]}]},{\"@type\":\"BreadcrumbList\",\"@id\":\"https:\\\/\\\/www.davidfeldman.com\\\/it\\\/la-nostra-azienda\\\/#breadcrumb\",\"itemListElement\":[{\"@type\":\"ListItem\",\"position\":1,\"name\":\"Accueil\",\"item\":\"https:\\\/\\\/www.davidfeldman.com\\\/it\\\/\"},{\"@type\":\"ListItem\",\"position\":2,\"name\":\"La nostra azienda\"}]},{\"@type\":\"WebSite\",\"@id\":\"https:\\\/\\\/www.davidfeldman.com\\\/it\\\/#website\",\"url\":\"https:\\\/\\\/www.davidfeldman.com\\\/it\\\/\",\"name\":\"David Feldman International Auctioneers\",\"description\":\"Stamp Auctions\",\"publisher\":{\"@id\":\"https:\\\/\\\/www.davidfeldman.com\\\/it\\\/#organization\"},\"potentialAction\":[{\"@type\":\"SearchAction\",\"target\":{\"@type\":\"EntryPoint\",\"urlTemplate\":\"https:\\\/\\\/www.davidfeldman.com\\\/it\\\/?s={search_term_string}\"},\"query-input\":{\"@type\":\"PropertyValueSpecification\",\"valueRequired\":true,\"valueName\":\"search_term_string\"}}],\"inLanguage\":\"it-IT\"},{\"@type\":\"Organization\",\"@id\":\"https:\\\/\\\/www.davidfeldman.com\\\/it\\\/#organization\",\"name\":\"David Feldman SA\",\"url\":\"https:\\\/\\\/www.davidfeldman.com\\\/it\\\/\",\"logo\":{\"@type\":\"ImageObject\",\"inLanguage\":\"it-IT\",\"@id\":\"https:\\\/\\\/www.davidfeldman.com\\\/it\\\/#\\\/schema\\\/logo\\\/image\\\/\",\"url\":\"https:\\\/\\\/3.248.28.76\\\/wp-content\\\/uploads\\\/2018\\\/08\\\/header_df_logo.jpg\",\"contentUrl\":\"https:\\\/\\\/3.248.28.76\\\/wp-content\\\/uploads\\\/2018\\\/08\\\/header_df_logo.jpg\",\"width\":326,\"height\":55,\"caption\":\"David Feldman SA\"},\"image\":{\"@id\":\"https:\\\/\\\/www.davidfeldman.com\\\/it\\\/#\\\/schema\\\/logo\\\/image\\\/\"},\"sameAs\":[\"https:\\\/\\\/www.facebook.com\\\/davidfeldmansa\\\/\",\"https:\\\/\\\/www.youtube.com\\\/user\\\/DavidFeldmanSA\",\"https:\\\/\\\/www.instagram.com\\\/davidfeldman_sa\\\/\"]}]}<\/script>\n<!-- \/ Yoast SEO Premium plugin. -->","yoast_head_json":{"title":"Scopri la storia dell'azienda David Feldman SA","description":"David Feldman \u00e8 una delle case d'asta filateliche pi\u00f9 importanti del mondo e detiene record mondiali, tra cui quello dell'oggetto filatelico di maggior valore mai venduto.","robots":{"index":"index","follow":"follow","max-snippet":"max-snippet:-1","max-image-preview":"max-image-preview:large","max-video-preview":"max-video-preview:-1"},"canonical":"https:\/\/www.davidfeldman.com\/it\/la-nostra-azienda\/","schema":{"@context":"https:\/\/schema.org","@graph":[{"@type":"WebPage","@id":"https:\/\/www.davidfeldman.com\/it\/la-nostra-azienda\/","url":"https:\/\/www.davidfeldman.com\/it\/la-nostra-azienda\/","name":"Scopri la storia dell'azienda David Feldman SA","isPartOf":{"@id":"https:\/\/www.davidfeldman.com\/it\/#website"},"datePublished":"2026-01-27T14:56:34+00:00","dateModified":"2026-01-27T14:56:39+00:00","description":"David Feldman \u00e8 una delle case d'asta filateliche pi\u00f9 importanti del mondo e detiene record mondiali, tra cui quello dell'oggetto filatelico di maggior valore mai venduto.","breadcrumb":{"@id":"https:\/\/www.davidfeldman.com\/it\/la-nostra-azienda\/#breadcrumb"},"inLanguage":"it-IT","potentialAction":[{"@type":"ReadAction","target":["https:\/\/www.davidfeldman.com\/it\/la-nostra-azienda\/"]}]},{"@type":"BreadcrumbList","@id":"https:\/\/www.davidfeldman.com\/it\/la-nostra-azienda\/#breadcrumb","itemListElement":[{"@type":"ListItem","position":1,"name":"Accueil","item":"https:\/\/www.davidfeldman.com\/it\/"},{"@type":"ListItem","position":2,"name":"La nostra azienda"}]},{"@type":"WebSite","@id":"https:\/\/www.davidfeldman.com\/it\/#website","url":"https:\/\/www.davidfeldman.com\/it\/","name":"David Feldman International Auctioneers","description":"Stamp Auctions","publisher":{"@id":"https:\/\/www.davidfeldman.com\/it\/#organization"},"potentialAction":[{"@type":"SearchAction","target":{"@type":"EntryPoint","urlTemplate":"https:\/\/www.davidfeldman.com\/it\/?s={search_term_string}"},"query-input":{"@type":"PropertyValueSpecification","valueRequired":true,"valueName":"search_term_string"}}],"inLanguage":"it-IT"},{"@type":"Organization","@id":"https:\/\/www.davidfeldman.com\/it\/#organization","name":"David Feldman SA","url":"https:\/\/www.davidfeldman.com\/it\/","logo":{"@type":"ImageObject","inLanguage":"it-IT","@id":"https:\/\/www.davidfeldman.com\/it\/#\/schema\/logo\/image\/","url":"https:\/\/3.248.28.76\/wp-content\/uploads\/2018\/08\/header_df_logo.jpg","contentUrl":"https:\/\/3.248.28.76\/wp-content\/uploads\/2018\/08\/header_df_logo.jpg","width":326,"height":55,"caption":"David Feldman SA"},"image":{"@id":"https:\/\/www.davidfeldman.com\/it\/#\/schema\/logo\/image\/"},"sameAs":["https:\/\/www.facebook.com\/davidfeldmansa\/","https:\/\/www.youtube.com\/user\/DavidFeldmanSA","https:\/\/www.instagram.com\/davidfeldman_sa\/"]}]}},"_links":{"self":[{"href":"https:\/\/www.davidfeldman.com\/it\/wp-json\/wp\/v2\/pages\/45508","targetHints":{"allow":["GET"]}}],"collection":[{"href":"https:\/\/www.davidfeldman.com\/it\/wp-json\/wp\/v2\/pages"}],"about":[{"href":"https:\/\/www.davidfeldman.com\/it\/wp-json\/wp\/v2\/types\/page"}],"author":[{"embeddable":true,"href":"https:\/\/www.davidfeldman.com\/it\/wp-json\/wp\/v2\/users\/4"}],"replies":[{"embeddable":true,"href":"https:\/\/www.davidfeldman.com\/it\/wp-json\/wp\/v2\/comments?post=45508"}],"version-history":[{"count":1,"href":"https:\/\/www.davidfeldman.com\/it\/wp-json\/wp\/v2\/pages\/45508\/revisions"}],"predecessor-version":[{"id":45517,"href":"https:\/\/www.davidfeldman.com\/it\/wp-json\/wp\/v2\/pages\/45508\/revisions\/45517"}],"wp:attachment":[{"href":"https:\/\/www.davidfeldman.com\/it\/wp-json\/wp\/v2\/media?parent=45508"}],"curies":[{"name":"wp","href":"https:\/\/api.w.org\/{rel}","templated":true}]}}