{"id":45231,"date":"2026-01-05T16:11:23","date_gmt":"2026-01-05T14:11:23","guid":{"rendered":"https:\/\/www.davidfeldman.com\/istruzioni-per-le-offerte\/"},"modified":"2026-01-27T17:30:49","modified_gmt":"2026-01-27T15:30:49","slug":"istruzioni-per-le-offerte","status":"publish","type":"page","link":"https:\/\/www.davidfeldman.com\/it\/istruzioni-per-le-offerte\/","title":{"rendered":"Istruzioni per le offerte"},"content":{"rendered":"<p>[et_pb_section fb_built=&#8221;1&#8243; custom_padding_last_edited=&#8221;on|phone&#8221; admin_label=&#8221;Hero Section&#8221; _builder_version=&#8221;4.16&#8243; background_color=&#8221;#043882&#8243; background_size=&#8221;initial&#8221; background_position=&#8221;top_center&#8221; max_width_tablet=&#8221;100%&#8221; max_width_phone=&#8221;100%&#8221; max_width_last_edited=&#8221;on|phone&#8221; module_alignment=&#8221;center&#8221; custom_padding=&#8221;0|0|0px|0px|false|false&#8221; custom_padding_tablet=&#8221;75px||76px|&#8221; custom_padding_phone=&#8221;58px||58px|&#8221; global_colors_info=&#8221;{}&#8221;][et_pb_row custom_padding_last_edited=&#8221;on|desktop&#8221; _builder_version=&#8221;4.16&#8243; background_size=&#8221;initial&#8221; background_position=&#8221;top_left&#8221; background_repeat=&#8221;repeat&#8221; max_width=&#8221;661px&#8221; module_alignment=&#8221;center&#8221; custom_padding=&#8221;58px|0px|29px|0px|false|false&#8221; custom_padding_tablet=&#8221;0px||0px|&#8221; custom_padding_phone=&#8221;0px||0px|&#8221; animation_style=&#8221;fade&#8221; animation_direction=&#8221;bottom&#8221; animation_duration=&#8221;1400ms&#8221; use_custom_width=&#8221;on&#8221; custom_width_px=&#8221;661px&#8221; global_colors_info=&#8221;{}&#8221;][et_pb_column type=&#8221;4_4&#8243; _builder_version=&#8221;4.16&#8243; custom_padding=&#8221;|||&#8221; global_colors_info=&#8221;{}&#8221; custom_padding__hover=&#8221;|||&#8221;][et_pb_text _builder_version=&#8221;4.16&#8243; text_font=&#8221;||||||||&#8221; text_text_color=&#8221;#800000&#8243; header_font=&#8221;||||||||&#8221; header_text_align=&#8221;center&#8221; header_text_color=&#8221;#f1eeeb&#8221; header_text_shadow_style=&#8221;preset1&#8243; global_colors_info=&#8221;{}&#8221;]<\/p>\n<h1>ISTRUZIONI PER LE OFFERTE<\/h1>\n<p>[\/et_pb_text][et_pb_text _builder_version=&#8221;4.16&#8243; text_font=&#8221;||||||||&#8221; text_text_color=&#8221;#f1eeeb&#8221; text_font_size=&#8221;15px&#8221; header_font=&#8221;Georgia|300|||||||&#8221; background_layout=&#8221;dark&#8221; custom_padding=&#8221;||4px|||&#8221; global_colors_info=&#8221;{}&#8221;]<\/p>\n<p style=\"text-align: center;\">Questa pagina contiene le istruzioni per i nuovi offerenti nelle nostre aste. Spiega la differenza tra le offerte fatte prima dell&#8217;asta e quelle fatte dal vivo durante l&#8217;asta. Inoltre, fornisce un elenco completo dei diversi metodi di offerta. Se stai cercando le condizioni di vendita, sono disponibili in una pagina separata:   <\/p>\n<p>[\/et_pb_text][et_pb_button button_url=&#8221;https:\/\/www.davidfeldman.com\/soff-auctions\/conditions-of-sales\/&#8221; button_text=&#8221;Condizioni di vendita&#8221; button_alignment=&#8221;center&#8221; _builder_version=&#8221;4.16&#8243; custom_button=&#8221;on&#8221; button_text_size=&#8221;16px&#8221; button_text_color=&#8221;#ffffff&#8221; button_bg_color=&#8221;rgba(0,0,0,0)&#8221; button_border_width=&#8221;1px&#8221; button_border_color=&#8221;#ffffff&#8221; button_border_radius=&#8221;3px&#8221; button_letter_spacing=&#8221;0px&#8221; button_text_shadow_style=&#8221;preset1&#8243; global_colors_info=&#8221;{}&#8221;][\/et_pb_button][\/et_pb_column][\/et_pb_row][\/et_pb_section][et_pb_section fb_built=&#8221;1&#8243; custom_padding_last_edited=&#8221;on|phone&#8221; admin_label=&#8221;Our Services&#8221; _builder_version=&#8221;4.16&#8243; background_color=&#8221;#ffffff&#8221; custom_margin=&#8221;||15px|||&#8221; custom_padding=&#8221;0|0px|0|0px|false|false&#8221; custom_padding_tablet=&#8221;&#8221; custom_padding_phone=&#8221;20px|||&#8221; saved_tabs=&#8221;all&#8221; global_colors_info=&#8221;{}&#8221;][et_pb_row custom_padding_last_edited=&#8221;on|phone&#8221; admin_label=&#8221;Titolo&#8221; _builder_version=&#8221;4.16&#8243; module_alignment=&#8221;center&#8221; custom_padding=&#8221;33px|0px|29px|0px|false|false&#8221; custom_padding_tablet=&#8221;&#8221; custom_padding_phone=&#8221;0px|||&#8221; global_colors_info=&#8221;{}&#8221;][et_pb_column type=&#8221;4_4&#8243; _builder_version=&#8221;4.16&#8243; custom_padding=&#8221;|||&#8221; global_colors_info=&#8221;{}&#8221; custom_padding__hover=&#8221;|||&#8221;][et_pb_text _builder_version=&#8221;4.16.1&#8243; text_font=&#8221;||||||||&#8221; header_font=&#8221;||||||||&#8221; header_3_font=&#8221;||||||||&#8221; header_3_text_color=&#8221;#043882&#8243; header_3_font_size=&#8221;27px&#8221; header_3_line_height=&#8221;1.3em&#8221; header_4_font=&#8221;||||||||&#8221; header_4_text_color=&#8221;#043882&#8243; custom_padding=&#8221;||0px|||&#8221; global_colors_info=&#8221;{}&#8221;]<\/p>\n<h3>OFFERTE PRELIMINARI<\/h3>\n<p>Le preofferte sono offerte fatte prima dell&#8217;asta. Saranno difese dal banditore durante la sessione d&#8217;asta dal vivo contro gli offerenti della sala, gli offerenti dal vivo e gli offerenti telefonici. <\/p>\n<p>Sei invitato a fare la tua offerta massima. La tua prima offerta sar\u00e0 pari alla riserva e sar\u00e0 poi incrementata con gli opportuni scaglioni (vedi le nostre<a href=\"https:\/\/www.davidfeldman.com\/soff-auctions\/conditions-of-sales\/\"> condizioni di vendita<\/a>) rispetto alle altre offerte fino a quando tutte le altre offerte non saranno superate o la tua offerta massima non sar\u00e0 superata da un&#8217;altra offerta. L&#8217;offerta del libro ha la priorit\u00e0 nella sala d&#8217;asta in caso di parit\u00e0 di offerta massima. Se l&#8217;offerta vincente \u00e8 pari a due offerte di libri, la priorit\u00e0 viene data all&#8217;offerta ricevuta per prima.   <\/p>\n<p>Le preofferte devono essere effettuate almeno 3 ore prima dell&#8217;inizio dell&#8217;asta. Consulta l&#8217;elenco sottostante delle diverse opzioni che hai a disposizione per effettuare le preofferte: <\/p>\n<p>[\/et_pb_text][et_pb_text _builder_version=&#8221;4.16.1&#8243; header_4_text_color=&#8221;#043882&#8243; custom_margin=&#8221;|||0px|false|false&#8221; custom_padding=&#8221;10px|10px|10px|10px|false|false&#8221; hover_enabled=&#8221;0&#8243; border_radii=&#8221;on|10px|10px|10px|10px&#8221; border_width_all=&#8221;2px&#8221; border_color_all=&#8221;#ada197&#8243; box_shadow_style=&#8221;preset2&#8243; box_shadow_horizontal=&#8221;3px&#8221; box_shadow_vertical=&#8221;3px&#8221; box_shadow_blur=&#8221;7px&#8221; box_shadow_spread=&#8221;1px&#8221; global_colors_info=&#8221;{}&#8221; sticky_enabled=&#8221;0&#8243;]<\/p>\n<h4>Sul <a href=\"http:\/\/www.davidfeldman.com\">nostro sito web<\/a><\/h4>\n<p>Per fare delle preofferte devi essere registrato sul nostro sito. La registrazione avviene nella pagina <a title=\"Il mio account\" href=\"https:\/\/www.davidfeldman.com\/soff-my-account\/\" target=\"_blank\" rel=\"noopener noreferrer\">Il mio account<\/a> e richiede solo pochi secondi. Una volta completata la procedura di registrazione, vai alla pagina delle <a title=\"Aste\" href=\"https:\/\/www.davidfeldman.com\/it\/le-prossime-aste\/\" target=\"_blank\" rel=\"noopener noreferrer\">Aste<\/a> dove troverai i link per consultare le nostre prossime aste e fare offerte su tutti i lotti disponibili.  <\/p>\n<p>[\/et_pb_text][\/et_pb_column][\/et_pb_row][et_pb_row column_structure=&#8221;1_2,1_2&#8243; _builder_version=&#8221;4.16.1&#8243; custom_margin=&#8221;|auto|9px|auto||&#8221; hover_enabled=&#8221;0&#8243; global_colors_info=&#8221;{}&#8221; sticky_enabled=&#8221;0&#8243;][et_pb_column type=&#8221;1_2&#8243; _builder_version=&#8221;4.16&#8243; global_colors_info=&#8221;{}&#8221;][et_pb_text _builder_version=&#8221;4.16.1&#8243; header_text_color=&#8221;rgba(71,71,71,0)&#8221; header_4_text_color=&#8221;#565656&#8243; custom_padding=&#8221;10px|10px|34px|10px|false|false&#8221; hover_enabled=&#8221;0&#8243; border_radii=&#8221;on|10px|10px|10px|10px&#8221; border_width_all=&#8221;2px&#8221; border_color_all=&#8221;#ada197&#8243; box_shadow_style=&#8221;preset2&#8243; box_shadow_horizontal=&#8221;3px&#8221; box_shadow_vertical=&#8221;3px&#8221; box_shadow_blur=&#8221;7px&#8221; box_shadow_spread=&#8221;1px&#8221; global_colors_info=&#8221;{}&#8221; sticky_enabled=&#8221;0&#8243;]<\/p>\n<h4>Per e-mail<\/h4>\n<p>Puoi sempre utilizzare il modulo di <a title=\"Contatto\" href=\"https:\/\/www.davidfeldman.com\/it\/contatti\/\">contatto<\/a> sul nostro sito web o inviare un&#8217;e-mail <a href=\"mailto:info@davidfeldman.com\">a info@davidfeldman.com<\/a> per proporre un offerta.<\/p>\n<p>[\/et_pb_text][\/et_pb_column][et_pb_column type=&#8221;1_2&#8243; _builder_version=&#8221;4.16&#8243; global_colors_info=&#8221;{}&#8221;][et_pb_text _builder_version=&#8221;4.16&#8243; header_text_color=&#8221;#043882&#8243; header_4_text_color=&#8221;#3d3d3d&#8221; custom_padding=&#8221;10px|10px|10px|10px|false|false&#8221; border_radii=&#8221;on|10px|10px|10px|10px&#8221; border_width_all=&#8221;2px&#8221; border_color_all=&#8221;#ada197&#8243; box_shadow_style=&#8221;preset2&#8243; box_shadow_horizontal=&#8221;3px&#8221; box_shadow_vertical=&#8221;3px&#8221; box_shadow_blur=&#8221;7px&#8221; box_shadow_spread=&#8221;1px&#8221; global_colors_info=&#8221;{}&#8221;]<\/p>\n<h4>Altre piattaforme d&#8217;asta<\/h4>\n<p>Attualmente pubblichiamo le nostre aste su <a href=\"https:\/\/stampauctionnetwork.com\/auctions.cfm\" target=\"_blank\" rel=\"noopener noreferrer\">Stamp Auction Network<\/a> e <a href=\"https:\/\/www.philasearch.com\/en\/briefmarkenauktionen.html\" target=\"_blank\" rel=\"noopener noreferrer\">Philasearch.<\/a> Per istruzioni su come fare offerte, consulta le loro FAQ.<\/p>\n<p>[\/et_pb_text][\/et_pb_column][\/et_pb_row][\/et_pb_section][et_pb_section fb_built=&#8221;1&#8243; custom_padding_last_edited=&#8221;on|phone&#8221; admin_label=&#8221;Web Design CTA&#8221; _builder_version=&#8221;4.16&#8243; background_color=&#8221;#f3f5f9&#8243; min_height=&#8221;733px&#8221; custom_margin=&#8221;-5px|||||&#8221; custom_padding=&#8221;11px|0px|0px|0px|false|false&#8221; custom_padding_tablet=&#8221;&#8221; custom_padding_phone=&#8221;&#8221; box_shadow_style=&#8221;preset7&#8243; box_shadow_horizontal=&#8221;0px&#8221; box_shadow_vertical=&#8221;-20px&#8221; box_shadow_color=&#8221;#f3f5f9&#8243; global_colors_info=&#8221;{}&#8221;][et_pb_row _builder_version=&#8221;4.16&#8243; custom_margin=&#8221;9px|auto||auto||&#8221; custom_padding=&#8221;2px|||||&#8221; global_colors_info=&#8221;{}&#8221;][et_pb_column type=&#8221;4_4&#8243; _builder_version=&#8221;4.16&#8243; global_colors_info=&#8221;{}&#8221;][et_pb_text _builder_version=&#8221;4.16&#8243; header_3_text_color=&#8221;#043882&#8243; header_3_font_size=&#8221;27px&#8221; header_3_line_height=&#8221;1.3em&#8221; global_colors_info=&#8221;{}&#8221;]<\/p>\n<h3>ASTA IN DIRETTA<\/h3>\n<p>Le offerte dal vivo vengono fatte durante l&#8217;asta da offerenti in sala, al telefono o online, che sono i tre metodi disponibili per partecipare dal vivo.<\/p>\n<p>Gli offerenti in sala partecipano all&#8217;asta di persona, si registrano e ricevono un numero di paletta. Poi possono partecipare alla sala d&#8217;asta dove possono fare offerte alzando il loro numero di paletta. <\/p>\n<p>[\/et_pb_text][\/et_pb_column][\/et_pb_row][et_pb_row column_structure=&#8221;3_5,2_5&#8243; _builder_version=&#8221;4.16&#8243; module_alignment=&#8221;center&#8221; custom_padding=&#8221;5px|0px|11px|0px|false|false&#8221; global_colors_info=&#8221;{}&#8221;][et_pb_column type=&#8221;3_5&#8243; _builder_version=&#8221;4.16&#8243; custom_padding=&#8221;|||&#8221; global_colors_info=&#8221;{}&#8221; custom_padding__hover=&#8221;|||&#8221;][et_pb_text _builder_version=&#8221;4.16.1&#8243; text_font=&#8221;||||||||&#8221; header_font=&#8221;||||||||&#8221; header_text_align=&#8221;left&#8221; header_3_font=&#8221;||||||||&#8221; header_3_text_color=&#8221;#043882&#8243; header_3_font_size=&#8221;27px&#8221; header_3_line_height=&#8221;1.3em&#8221; header_4_font=&#8221;||||||||&#8221; header_4_text_color=&#8221;#424242&#8243; custom_margin=&#8221;||-2px|||&#8221; custom_padding=&#8221;||0px|||&#8221; global_colors_info=&#8221;{}&#8221;]<\/p>\n<h4>Offerte online in diretta sul tuo computer<\/h4>\n<div>Per poter fare offerte dal vivo, devi avere un account sul nostro sito.<\/div>\n<div>\n<p><strong>Passo 1<\/strong>: <a data-cke-saved-href=\"https:\/\/www.davidfeldman.com\/dfsa-my-account\/\" href=\"https:\/\/www.davidfeldman.com\/dfsa-my-account\/\" target=\"_blank\" rel=\"noopener\"><strong>CREA UN ACCOUNT PERSONALE O COLLEGATI AL TUO ACCOUNT<\/strong><\/a>.<br \/>Se hai gi\u00e0 un account personale ma hai dimenticato la password, <a data-cke-saved-href=\"https:\/\/www.davidfeldman.com\/dfsa-my-account\/forgot-password\/?email=\" href=\"https:\/\/www.davidfeldman.com\/dfsa-my-account\/forgot-password\/?email=\" target=\"_blank\" rel=\"noopener\">clicca qui<\/a>.<br \/>Se sei un nuovo cliente, compila il <a data-cke-saved-href=\"https:\/\/davidfeldman.com\/welcome-to-david-feldman-international-auctioneers\/?utm_source=David+Feldman+Marketing+List&amp;utm_campaign=5dd3ecb097-MAILCHIMP_0_2022_auction_bidLive_eng&amp;utm_medium=email&amp;utm_term=0_46af029548-5dd3ecb097-122961705\" href=\"https:\/\/davidfeldman.com\/welcome-to-david-feldman-international-auctioneers\/?utm_source=David+Feldman+Marketing+List&amp;utm_campaign=5dd3ecb097-MAILCHIMP_0_2022_auction_bidLive_eng&amp;utm_medium=email&amp;utm_term=0_46af029548-5dd3ecb097-122961705\" target=\"_blank\" rel=\"noopener\">modulo qui<\/a> o inviaci le tue referenze da altre case d&#8217;asta e un documento d&#8217;identit\u00e0 a <a data-cke-saved-href=\"mailto:info@davidfeldman.com\" href=\"mailto:info@davidfeldman.com\" target=\"_blank\" rel=\"noopener\">info@davidfeldman.com.<\/a><\/p>\n<p><strong>Passo 2: Il tuo limite di credito<\/strong><br \/>Per impostazione predefinita, il nuovo cliente ha un limite di offerta di EUR\/GBP\/CHF 3&#8217;000.<br \/>Se vuoi aumentare il tuo limite, inviaci un&#8217;<a data-cke-saved-href=\"mailto:info@davidfeldman.com\" href=\"mailto:info@davidfeldman.com\" target=\"_blank\" rel=\"noopener\">e-mail<\/a> e comunicaci l&#8217;importo di cui hai bisogno.<\/p>\n<p><strong>Fase 3<\/strong>: Il giorno dell&#8217;asta, clicca su<a href=\"https:\/\/auctions.live-bidder.com\/clients\/dfsa\/en\/live\/client\"> <strong>&#8220;OFFERTE IN DIRETTA&#8221;<\/strong><\/a>.<\/p>\n<\/div>\n<p>&nbsp;<\/p>\n<p>[\/et_pb_text][\/et_pb_column][et_pb_column type=&#8221;2_5&#8243; _builder_version=&#8221;4.16&#8243; custom_padding=&#8221;|||&#8221; global_colors_info=&#8221;{}&#8221; custom_padding__hover=&#8221;|||&#8221;][et_pb_image src=&#8221;https:\/\/www.davidfeldman.com\/wp-content\/uploads\/2019\/09\/sergey-zolkin-_UeY8aTI6d0-unsplash.jpg&#8221; align=&#8221;right&#8221; align_tablet=&#8221;center&#8221; align_phone=&#8221;&#8221; align_last_edited=&#8221;on|desktop&#8221; _builder_version=&#8221;4.16&#8243; max_width=&#8221;100%&#8221; max_width_tablet=&#8221;57%&#8221; max_width_phone=&#8221;66%&#8221; max_width_last_edited=&#8221;on|desktop&#8221; module_alignment=&#8221;center&#8221; global_colors_info=&#8221;{}&#8221;][\/et_pb_image][\/et_pb_column][\/et_pb_row][\/et_pb_section][et_pb_section fb_built=&#8221;1&#8243; custom_padding_last_edited=&#8221;on|phone&#8221; admin_label=&#8221;Web Design CTA&#8221; _builder_version=&#8221;4.16&#8243; background_color=&#8221;#ffffff&#8221; min_height=&#8221;310px&#8221; custom_margin=&#8221;-9px||-2px|||&#8221; custom_padding=&#8221;5px|0px|0px|0px|false|false&#8221; custom_padding_tablet=&#8221;&#8221; custom_padding_phone=&#8221;5px|0px|15px|0px|false|false&#8221; global_colors_info=&#8221;{}&#8221;][et_pb_row column_structure=&#8221;2_3,1_3&#8243; _builder_version=&#8221;4.16&#8243; background_color=&#8221;#ffffff&#8221; module_alignment=&#8221;center&#8221; min_height=&#8221;295.5px&#8221; custom_margin=&#8221;-5px|auto|-6px|auto|false|false&#8221; custom_padding=&#8221;8px|0px|0px|0px|false|false&#8221; global_colors_info=&#8221;{}&#8221;][et_pb_column type=&#8221;2_3&#8243; _builder_version=&#8221;4.16&#8243; background_color=&#8221;#ffffff&#8221; custom_padding=&#8221;|||&#8221; global_colors_info=&#8221;{}&#8221; custom_padding__hover=&#8221;|||&#8221;][et_pb_text _builder_version=&#8221;4.16&#8243; text_font=&#8221;||||||||&#8221; header_font=&#8221;||||||||&#8221; header_text_align=&#8221;left&#8221; header_3_font=&#8221;||||||||&#8221; header_3_text_color=&#8221;#043882&#8243; header_3_font_size=&#8221;27px&#8221; header_3_line_height=&#8221;1.3em&#8221; header_4_font=&#8221;||||||||&#8221; header_4_text_color=&#8221;#043882&#8243; background_color=&#8221;#ffffff&#8221; min_height=&#8221;99px&#8221; custom_margin=&#8221;-4px||30px|||&#8221; custom_padding=&#8221;42px||0px||false|false&#8221; custom_padding_tablet=&#8221;0px||||false|false&#8221; custom_padding_phone=&#8221;&#8221; custom_padding_last_edited=&#8221;on|desktop&#8221; global_colors_info=&#8221;{}&#8221;]<\/p>\n<h3>OFFERTE TELEFONICHE<\/h3>\n<p>Gli offerenti telefonici devono <strong>confermare per iscritto 48 ore prima dell&#8217;asta<\/strong> indicando i numeri dei lotti per i quali si desidera fare un&#8217;offerta e il numero di telefono (preferibilmente con un numero di riserva) al quale si pu\u00f2 essere raggiunti durante l&#8217;asta. A causa della disponibilit\u00e0 di altre opzioni di offerta, le offerte telefoniche sono accettate a discrezione di David Feldman SA e possono essere soggette a costi aggiuntivi. Uno dei nostri filatelisti ti chiamer\u00e0 con qualche lotto di anticipo rispetto al tuo primo lotto di interesse e far\u00e0 un&#8217;offerta per te direttamente durante l&#8217;asta.  <\/p>\n<p>[\/et_pb_text][\/et_pb_column][et_pb_column type=&#8221;1_3&#8243; _builder_version=&#8221;4.16&#8243; background_color=&#8221;#ffffff&#8221; custom_padding=&#8221;|||&#8221; global_colors_info=&#8221;{}&#8221; custom_padding__hover=&#8221;|||&#8221;][et_pb_image src=&#8221;https:\/\/www.davidfeldman.com\/wp-content\/uploads\/2019\/09\/PHONE-4.jpg&#8221; align=&#8221;center&#8221; align_tablet=&#8221;center&#8221; align_phone=&#8221;&#8221; align_last_edited=&#8221;on|phone&#8221; _builder_version=&#8221;4.16&#8243; background_color=&#8221;#ffffff&#8221; max_width=&#8221;83%&#8221; max_width_tablet=&#8221;56%&#8221; max_width_phone=&#8221;69%&#8221; max_width_last_edited=&#8221;on|phone&#8221; module_alignment=&#8221;left&#8221; filter_saturate=&#8221;0%&#8221; filter_brightness=&#8221;101%&#8221; filter_contrast=&#8221;105%&#8221; global_colors_info=&#8221;{}&#8221;][\/et_pb_image][\/et_pb_column][\/et_pb_row][\/et_pb_section]<\/p>\n","protected":false},"excerpt":{"rendered":"<p>ISTRUZIONI PER LE OFFERTEQuesta pagina contiene le istruzioni per i nuovi offerenti nelle nostre aste. Spiega la differenza tra le offerte fatte prima dell&#8217;asta e quelle fatte dal vivo durante l&#8217;asta. Inoltre, fornisce un elenco completo dei diversi metodi di offerta. Se stai cercando le condizioni di vendita, sono disponibili in una pagina separata: OFFERTE [&hellip;]<\/p>\n","protected":false},"author":1,"featured_media":0,"parent":0,"menu_order":0,"comment_status":"closed","ping_status":"closed","template":"","meta":{"_acf_changed":false,"_et_pb_use_builder":"on","_et_pb_old_content":"","_et_gb_content_width":"","_uf_show_specific_survey":0,"_uf_disable_surveys":false,"footnotes":""},"class_list":["post-45231","page","type-page","status-publish","hentry"],"acf":[],"yoast_head":"<!-- This site is optimized with the Yoast SEO Premium plugin v27.5 (Yoast SEO v27.5) - https:\/\/yoast.com\/product\/yoast-seo-premium-wordpress\/ -->\n<title>Istruzioni per le offerte - David Feldman SA<\/title>\n<meta name=\"robots\" content=\"index, follow, max-snippet:-1, max-image-preview:large, max-video-preview:-1\" \/>\n<link rel=\"canonical\" href=\"https:\/\/www.davidfeldman.com\/it\/istruzioni-per-le-offerte\/\" \/>\n<script type=\"application\/ld+json\" class=\"yoast-schema-graph\">{\"@context\":\"https:\\\/\\\/schema.org\",\"@graph\":[{\"@type\":\"WebPage\",\"@id\":\"https:\\\/\\\/www.davidfeldman.com\\\/it\\\/istruzioni-per-le-offerte\\\/\",\"url\":\"https:\\\/\\\/www.davidfeldman.com\\\/it\\\/istruzioni-per-le-offerte\\\/\",\"name\":\"Istruzioni per le offerte - David Feldman SA\",\"isPartOf\":{\"@id\":\"https:\\\/\\\/www.davidfeldman.com\\\/it\\\/#website\"},\"datePublished\":\"2026-01-05T14:11:23+00:00\",\"dateModified\":\"2026-01-27T15:30:49+00:00\",\"breadcrumb\":{\"@id\":\"https:\\\/\\\/www.davidfeldman.com\\\/it\\\/istruzioni-per-le-offerte\\\/#breadcrumb\"},\"inLanguage\":\"it-IT\",\"potentialAction\":[{\"@type\":\"ReadAction\",\"target\":[\"https:\\\/\\\/www.davidfeldman.com\\\/it\\\/istruzioni-per-le-offerte\\\/\"]}]},{\"@type\":\"BreadcrumbList\",\"@id\":\"https:\\\/\\\/www.davidfeldman.com\\\/it\\\/istruzioni-per-le-offerte\\\/#breadcrumb\",\"itemListElement\":[{\"@type\":\"ListItem\",\"position\":1,\"name\":\"Accueil\",\"item\":\"https:\\\/\\\/www.davidfeldman.com\\\/it\\\/\"},{\"@type\":\"ListItem\",\"position\":2,\"name\":\"Istruzioni per le offerte\"}]},{\"@type\":\"WebSite\",\"@id\":\"https:\\\/\\\/www.davidfeldman.com\\\/it\\\/#website\",\"url\":\"https:\\\/\\\/www.davidfeldman.com\\\/it\\\/\",\"name\":\"David Feldman International Auctioneers\",\"description\":\"Stamp Auctions\",\"publisher\":{\"@id\":\"https:\\\/\\\/www.davidfeldman.com\\\/it\\\/#organization\"},\"potentialAction\":[{\"@type\":\"SearchAction\",\"target\":{\"@type\":\"EntryPoint\",\"urlTemplate\":\"https:\\\/\\\/www.davidfeldman.com\\\/it\\\/?s={search_term_string}\"},\"query-input\":{\"@type\":\"PropertyValueSpecification\",\"valueRequired\":true,\"valueName\":\"search_term_string\"}}],\"inLanguage\":\"it-IT\"},{\"@type\":\"Organization\",\"@id\":\"https:\\\/\\\/www.davidfeldman.com\\\/it\\\/#organization\",\"name\":\"David Feldman SA\",\"url\":\"https:\\\/\\\/www.davidfeldman.com\\\/it\\\/\",\"logo\":{\"@type\":\"ImageObject\",\"inLanguage\":\"it-IT\",\"@id\":\"https:\\\/\\\/www.davidfeldman.com\\\/it\\\/#\\\/schema\\\/logo\\\/image\\\/\",\"url\":\"https:\\\/\\\/3.248.28.76\\\/wp-content\\\/uploads\\\/2018\\\/08\\\/header_df_logo.jpg\",\"contentUrl\":\"https:\\\/\\\/3.248.28.76\\\/wp-content\\\/uploads\\\/2018\\\/08\\\/header_df_logo.jpg\",\"width\":326,\"height\":55,\"caption\":\"David Feldman SA\"},\"image\":{\"@id\":\"https:\\\/\\\/www.davidfeldman.com\\\/it\\\/#\\\/schema\\\/logo\\\/image\\\/\"},\"sameAs\":[\"https:\\\/\\\/www.facebook.com\\\/davidfeldmansa\\\/\",\"https:\\\/\\\/www.youtube.com\\\/user\\\/DavidFeldmanSA\",\"https:\\\/\\\/www.instagram.com\\\/davidfeldman_sa\\\/\"]}]}<\/script>\n<!-- \/ Yoast SEO Premium plugin. -->","yoast_head_json":{"title":"Istruzioni per le offerte - David Feldman SA","robots":{"index":"index","follow":"follow","max-snippet":"max-snippet:-1","max-image-preview":"max-image-preview:large","max-video-preview":"max-video-preview:-1"},"canonical":"https:\/\/www.davidfeldman.com\/it\/istruzioni-per-le-offerte\/","schema":{"@context":"https:\/\/schema.org","@graph":[{"@type":"WebPage","@id":"https:\/\/www.davidfeldman.com\/it\/istruzioni-per-le-offerte\/","url":"https:\/\/www.davidfeldman.com\/it\/istruzioni-per-le-offerte\/","name":"Istruzioni per le offerte - David Feldman SA","isPartOf":{"@id":"https:\/\/www.davidfeldman.com\/it\/#website"},"datePublished":"2026-01-05T14:11:23+00:00","dateModified":"2026-01-27T15:30:49+00:00","breadcrumb":{"@id":"https:\/\/www.davidfeldman.com\/it\/istruzioni-per-le-offerte\/#breadcrumb"},"inLanguage":"it-IT","potentialAction":[{"@type":"ReadAction","target":["https:\/\/www.davidfeldman.com\/it\/istruzioni-per-le-offerte\/"]}]},{"@type":"BreadcrumbList","@id":"https:\/\/www.davidfeldman.com\/it\/istruzioni-per-le-offerte\/#breadcrumb","itemListElement":[{"@type":"ListItem","position":1,"name":"Accueil","item":"https:\/\/www.davidfeldman.com\/it\/"},{"@type":"ListItem","position":2,"name":"Istruzioni per le offerte"}]},{"@type":"WebSite","@id":"https:\/\/www.davidfeldman.com\/it\/#website","url":"https:\/\/www.davidfeldman.com\/it\/","name":"David Feldman International Auctioneers","description":"Stamp Auctions","publisher":{"@id":"https:\/\/www.davidfeldman.com\/it\/#organization"},"potentialAction":[{"@type":"SearchAction","target":{"@type":"EntryPoint","urlTemplate":"https:\/\/www.davidfeldman.com\/it\/?s={search_term_string}"},"query-input":{"@type":"PropertyValueSpecification","valueRequired":true,"valueName":"search_term_string"}}],"inLanguage":"it-IT"},{"@type":"Organization","@id":"https:\/\/www.davidfeldman.com\/it\/#organization","name":"David Feldman SA","url":"https:\/\/www.davidfeldman.com\/it\/","logo":{"@type":"ImageObject","inLanguage":"it-IT","@id":"https:\/\/www.davidfeldman.com\/it\/#\/schema\/logo\/image\/","url":"https:\/\/3.248.28.76\/wp-content\/uploads\/2018\/08\/header_df_logo.jpg","contentUrl":"https:\/\/3.248.28.76\/wp-content\/uploads\/2018\/08\/header_df_logo.jpg","width":326,"height":55,"caption":"David Feldman SA"},"image":{"@id":"https:\/\/www.davidfeldman.com\/it\/#\/schema\/logo\/image\/"},"sameAs":["https:\/\/www.facebook.com\/davidfeldmansa\/","https:\/\/www.youtube.com\/user\/DavidFeldmanSA","https:\/\/www.instagram.com\/davidfeldman_sa\/"]}]}},"_links":{"self":[{"href":"https:\/\/www.davidfeldman.com\/it\/wp-json\/wp\/v2\/pages\/45231","targetHints":{"allow":["GET"]}}],"collection":[{"href":"https:\/\/www.davidfeldman.com\/it\/wp-json\/wp\/v2\/pages"}],"about":[{"href":"https:\/\/www.davidfeldman.com\/it\/wp-json\/wp\/v2\/types\/page"}],"author":[{"embeddable":true,"href":"https:\/\/www.davidfeldman.com\/it\/wp-json\/wp\/v2\/users\/1"}],"replies":[{"embeddable":true,"href":"https:\/\/www.davidfeldman.com\/it\/wp-json\/wp\/v2\/comments?post=45231"}],"version-history":[{"count":5,"href":"https:\/\/www.davidfeldman.com\/it\/wp-json\/wp\/v2\/pages\/45231\/revisions"}],"predecessor-version":[{"id":45523,"href":"https:\/\/www.davidfeldman.com\/it\/wp-json\/wp\/v2\/pages\/45231\/revisions\/45523"}],"wp:attachment":[{"href":"https:\/\/www.davidfeldman.com\/it\/wp-json\/wp\/v2\/media?parent=45231"}],"curies":[{"name":"wp","href":"https:\/\/api.w.org\/{rel}","templated":true}]}}