{"id":952,"date":"2011-04-18T15:35:58","date_gmt":"2011-04-18T13:35:58","guid":{"rendered":"https:\/\/www.davidfeldman.com\/?page_id=952"},"modified":"2020-07-30T15:04:03","modified_gmt":"2020-07-30T13:04:03","slug":"a-propos","status":"publish","type":"page","link":"https:\/\/www.davidfeldman.com\/fr\/a-propos\/","title":{"rendered":"La soci\u00e9t\u00e9"},"content":{"rendered":"\n[et_pb_section][et_pb_row][et_pb_column type=\u00a0\u00bb4_4&Prime;][et_pb_text]David Feldman is one of the world\u2019s leading philatelic auction houses, and holder of world records including the most valuable philatelic item, the most valuable stamp and the most valuable large lot ever sold. We have offices in Geneva, Hong Kong and New York City. We are your reliable partner for the sale and purchase of philatelic properties, from single stamps to collections, exhibits and estates. Our mission is simple: YOUR results matter to us, and we will do our best to secure the maximum possible results for our vendors, through friendly, flexible arrangements and service, intelligent promotion and presentation, and reliable financial strength. For collectors, we are the perfect place to find the rare and unusual, from a small attractive addition to the <em>pi\u00e8ce de r\u00e9sistance<\/em> of your collection, with a range of material to interest collectors from all areas of philately &#8211; and we have been for over 40 years.\r\n<h2><a href=\"https:\/\/www.davidfeldman.com\/about-us\/about-david-feldman\/history-2\/\">History<\/a><\/h2>\r\nRead about the founding of David Feldman and it&rsquo;s continuing evolution\r\n<h2><a title=\"David Feldman's Worldwide Offices\" href=\"https:\/\/www.davidfeldman.com\/about-us\/locations\/\" target=\"_self\" rel=\"noopener noreferrer\">Locations<\/a><\/h2>\r\nFind contact details and information for our offices in Geneva, Hong Kong and New York\r\n<h2><a title=\"The Team at David Feldman\" href=\"https:\/\/www.davidfeldman.com\/fr\/a-propos\/notre-equipe\/\" target=\"_self\" rel=\"noopener noreferrer\">The Team at David Feldman<\/a><\/h2>\r\nMeet our friendly, helpful and prefessional staff\r\n<h2><a title=\"Help and FAQs\" href=\"https:\/\/www.davidfeldman.com\/about-us\/help-faq\/\">Help and FAQs<\/a><\/h2>\r\nSee a list of frequently asked questions about our business[\/et_pb_text][\/et_pb_column][\/et_pb_row][\/et_pb_section]\n","protected":false},"excerpt":{"rendered":"<p><div class=\"et_pb_section et_pb_section_0 et_section_regular\" >\n\t\t\t\t\n\t\t\t\t\n\t\t\t\t\n\t\t\t\t\n\t\t\t\t\n\t\t\t\t\n\t\t\t\t\n\t\t\t\t\n\t\t\t\t\n\t\t\t<\/div><div class=\"et_pb_row et_pb_row_0 et_pb_row_empty\">\n\t\t\t\t\n\t\t\t\t\n\t\t\t\t\n\t\t\t\t\n\t\t\t\t\n\t\t\t<\/div><div class=\"et_pb_module et_pb_text et_pb_text_0  et_pb_text_align_left et_pb_bg_layout_light\">\n\t\t\t\t\n\t\t\t\t\n\t\t\t\t\n\t\t\t\t\n\t\t\t\t\n\t\t\t<\/div>David Feldman is one of the world\u2019s leading philatelic auction houses, and holder of world records including the most valuable philatelic item, the most valuable stamp and the most valuable large lot ever sold. We have offices in Geneva, Hong Kong and New York City. We are your reliable partner for the sale and purchase [&hellip;]<\/p>\n","protected":false},"author":4,"featured_media":0,"parent":0,"menu_order":4,"comment_status":"closed","ping_status":"closed","template":"","meta":{"_acf_changed":false,"_et_pb_use_builder":"on","_et_pb_old_content":"David Feldman is one of the world\u2019s leading philatelic auction houses, and holder of world records including the most valuable philatelic item, the most valuable stamp and the most valuable large lot ever sold. We have offices in Geneva, Hong Kong and New York City. We are your reliable partner for the sale and purchase of philatelic properties, from single stamps to collections, exhibits and estates. Our mission is simple: YOUR results matter to us, and we will do our best to secure the maximum possible results for our vendors, through friendly, flexible arrangements and service, intelligent promotion and presentation, and reliable financial strength. For collectors, we are the perfect place to find the rare and unusual, from a small attractive addition to the <em>pi\u00e8ce de r\u00e9sistance<\/em> of your collection, with a range of material to interest collectors from all areas of philately - and we have been for over 40 years.\n<h2><a href=\"https:\/\/www.davidfeldman.com\/about-us\/about-david-feldman\/history-2\/\">History<\/a><\/h2>\nRead about the founding of David Feldman and it's continuing evolution\n<h2><a title=\"David Feldman's Worldwide Offices\" href=\"https:\/\/www.davidfeldman.com\/about-us\/locations\/\" target=\"_self\">Locations<\/a><\/h2>\nFind contact details and information for our offices in Geneva, Hong Kong and New York\n<h2><a title=\"The Team at David Feldman\" href=\"https:\/\/www.davidfeldman.com\/about-us\/team\/\" target=\"_self\">The Team at David Feldman<\/a><\/h2>\nMeet our friendly, helpful and prefessional staff\n<h2><a title=\"Help and FAQs\" href=\"https:\/\/www.davidfeldman.com\/about-us\/help-faq\/\">Help and FAQs<\/a><\/h2>\nSee a list of frequently asked questions about our business","_et_gb_content_width":"","_uf_show_specific_survey":0,"_uf_disable_surveys":false,"footnotes":""},"class_list":["post-952","page","type-page","status-publish","hentry"],"acf":[],"yoast_head":"<!-- This site is optimized with the Yoast SEO Premium plugin v27.5 (Yoast SEO v27.6) - https:\/\/yoast.com\/product\/yoast-seo-premium-wordpress\/ -->\n<title>D\u00e9couvrez l&#039;histoire de la soci\u00e9t\u00e9 David Feldman SA<\/title>\n<meta name=\"description\" content=\"David Feldman est l&#039;une des plus grandes maisons de ventes aux ench\u00e8res philat\u00e9liques au monde et d\u00e9tient plusieurs records mondiaux, parmi lesquels le plus pr\u00e9cieux des objets philat\u00e9liques jamais vendus.\" \/>\n<meta name=\"robots\" content=\"index, follow, max-snippet:-1, max-image-preview:large, max-video-preview:-1\" \/>\n<link rel=\"canonical\" href=\"https:\/\/www.davidfeldman.com\/fr\/a-propos\/\" \/>\n<script type=\"application\/ld+json\" class=\"yoast-schema-graph\">{\"@context\":\"https:\\\/\\\/schema.org\",\"@graph\":[{\"@type\":\"WebPage\",\"@id\":\"https:\\\/\\\/www.davidfeldman.com\\\/fr\\\/a-propos\\\/\",\"url\":\"https:\\\/\\\/www.davidfeldman.com\\\/fr\\\/a-propos\\\/\",\"name\":\"D\u00e9couvrez l'histoire de la soci\u00e9t\u00e9 David Feldman SA\",\"isPartOf\":{\"@id\":\"https:\\\/\\\/www.davidfeldman.com\\\/fr\\\/#website\"},\"datePublished\":\"2011-04-18T13:35:58+00:00\",\"dateModified\":\"2020-07-30T13:04:03+00:00\",\"description\":\"David Feldman est l'une des plus grandes maisons de ventes aux ench\u00e8res philat\u00e9liques au monde et d\u00e9tient plusieurs records mondiaux, parmi lesquels le plus pr\u00e9cieux des objets philat\u00e9liques jamais vendus.\",\"breadcrumb\":{\"@id\":\"https:\\\/\\\/www.davidfeldman.com\\\/fr\\\/a-propos\\\/#breadcrumb\"},\"inLanguage\":\"fr-FR\",\"potentialAction\":[{\"@type\":\"ReadAction\",\"target\":[\"https:\\\/\\\/www.davidfeldman.com\\\/fr\\\/a-propos\\\/\"]}]},{\"@type\":\"BreadcrumbList\",\"@id\":\"https:\\\/\\\/www.davidfeldman.com\\\/fr\\\/a-propos\\\/#breadcrumb\",\"itemListElement\":[{\"@type\":\"ListItem\",\"position\":1,\"name\":\"Accueil\",\"item\":\"https:\\\/\\\/www.davidfeldman.com\\\/fr\\\/\"},{\"@type\":\"ListItem\",\"position\":2,\"name\":\"La soci\u00e9t\u00e9\"}]},{\"@type\":\"WebSite\",\"@id\":\"https:\\\/\\\/www.davidfeldman.com\\\/fr\\\/#website\",\"url\":\"https:\\\/\\\/www.davidfeldman.com\\\/fr\\\/\",\"name\":\"David Feldman International Auctioneers\",\"description\":\"Ventes aux ench\u00e8res de timbres\",\"publisher\":{\"@id\":\"https:\\\/\\\/www.davidfeldman.com\\\/fr\\\/#organization\"},\"potentialAction\":[{\"@type\":\"SearchAction\",\"target\":{\"@type\":\"EntryPoint\",\"urlTemplate\":\"https:\\\/\\\/www.davidfeldman.com\\\/fr\\\/?s={search_term_string}\"},\"query-input\":{\"@type\":\"PropertyValueSpecification\",\"valueRequired\":true,\"valueName\":\"search_term_string\"}}],\"inLanguage\":\"fr-FR\"},{\"@type\":\"Organization\",\"@id\":\"https:\\\/\\\/www.davidfeldman.com\\\/fr\\\/#organization\",\"name\":\"David Feldman SA\",\"url\":\"https:\\\/\\\/www.davidfeldman.com\\\/fr\\\/\",\"logo\":{\"@type\":\"ImageObject\",\"inLanguage\":\"fr-FR\",\"@id\":\"https:\\\/\\\/www.davidfeldman.com\\\/fr\\\/#\\\/schema\\\/logo\\\/image\\\/\",\"url\":\"https:\\\/\\\/3.248.28.76\\\/wp-content\\\/uploads\\\/2018\\\/08\\\/header_df_logo.jpg\",\"contentUrl\":\"https:\\\/\\\/3.248.28.76\\\/wp-content\\\/uploads\\\/2018\\\/08\\\/header_df_logo.jpg\",\"width\":326,\"height\":55,\"caption\":\"David Feldman SA\"},\"image\":{\"@id\":\"https:\\\/\\\/www.davidfeldman.com\\\/fr\\\/#\\\/schema\\\/logo\\\/image\\\/\"},\"sameAs\":[\"https:\\\/\\\/www.facebook.com\\\/davidfeldmansa\\\/\",\"https:\\\/\\\/www.youtube.com\\\/user\\\/DavidFeldmanSA\",\"https:\\\/\\\/www.instagram.com\\\/davidfeldman_sa\\\/\"]}]}<\/script>\n<!-- \/ Yoast SEO Premium plugin. -->","yoast_head_json":{"title":"D\u00e9couvrez l'histoire de la soci\u00e9t\u00e9 David Feldman SA","description":"David Feldman est l'une des plus grandes maisons de ventes aux ench\u00e8res philat\u00e9liques au monde et d\u00e9tient plusieurs records mondiaux, parmi lesquels le plus pr\u00e9cieux des objets philat\u00e9liques jamais vendus.","robots":{"index":"index","follow":"follow","max-snippet":"max-snippet:-1","max-image-preview":"max-image-preview:large","max-video-preview":"max-video-preview:-1"},"canonical":"https:\/\/www.davidfeldman.com\/fr\/a-propos\/","schema":{"@context":"https:\/\/schema.org","@graph":[{"@type":"WebPage","@id":"https:\/\/www.davidfeldman.com\/fr\/a-propos\/","url":"https:\/\/www.davidfeldman.com\/fr\/a-propos\/","name":"D\u00e9couvrez l'histoire de la soci\u00e9t\u00e9 David Feldman SA","isPartOf":{"@id":"https:\/\/www.davidfeldman.com\/fr\/#website"},"datePublished":"2011-04-18T13:35:58+00:00","dateModified":"2020-07-30T13:04:03+00:00","description":"David Feldman est l'une des plus grandes maisons de ventes aux ench\u00e8res philat\u00e9liques au monde et d\u00e9tient plusieurs records mondiaux, parmi lesquels le plus pr\u00e9cieux des objets philat\u00e9liques jamais vendus.","breadcrumb":{"@id":"https:\/\/www.davidfeldman.com\/fr\/a-propos\/#breadcrumb"},"inLanguage":"fr-FR","potentialAction":[{"@type":"ReadAction","target":["https:\/\/www.davidfeldman.com\/fr\/a-propos\/"]}]},{"@type":"BreadcrumbList","@id":"https:\/\/www.davidfeldman.com\/fr\/a-propos\/#breadcrumb","itemListElement":[{"@type":"ListItem","position":1,"name":"Accueil","item":"https:\/\/www.davidfeldman.com\/fr\/"},{"@type":"ListItem","position":2,"name":"La soci\u00e9t\u00e9"}]},{"@type":"WebSite","@id":"https:\/\/www.davidfeldman.com\/fr\/#website","url":"https:\/\/www.davidfeldman.com\/fr\/","name":"David Feldman International Auctioneers","description":"Ventes aux ench\u00e8res de timbres","publisher":{"@id":"https:\/\/www.davidfeldman.com\/fr\/#organization"},"potentialAction":[{"@type":"SearchAction","target":{"@type":"EntryPoint","urlTemplate":"https:\/\/www.davidfeldman.com\/fr\/?s={search_term_string}"},"query-input":{"@type":"PropertyValueSpecification","valueRequired":true,"valueName":"search_term_string"}}],"inLanguage":"fr-FR"},{"@type":"Organization","@id":"https:\/\/www.davidfeldman.com\/fr\/#organization","name":"David Feldman SA","url":"https:\/\/www.davidfeldman.com\/fr\/","logo":{"@type":"ImageObject","inLanguage":"fr-FR","@id":"https:\/\/www.davidfeldman.com\/fr\/#\/schema\/logo\/image\/","url":"https:\/\/3.248.28.76\/wp-content\/uploads\/2018\/08\/header_df_logo.jpg","contentUrl":"https:\/\/3.248.28.76\/wp-content\/uploads\/2018\/08\/header_df_logo.jpg","width":326,"height":55,"caption":"David Feldman SA"},"image":{"@id":"https:\/\/www.davidfeldman.com\/fr\/#\/schema\/logo\/image\/"},"sameAs":["https:\/\/www.facebook.com\/davidfeldmansa\/","https:\/\/www.youtube.com\/user\/DavidFeldmanSA","https:\/\/www.instagram.com\/davidfeldman_sa\/"]}]}},"_links":{"self":[{"href":"https:\/\/www.davidfeldman.com\/fr\/wp-json\/wp\/v2\/pages\/952","targetHints":{"allow":["GET"]}}],"collection":[{"href":"https:\/\/www.davidfeldman.com\/fr\/wp-json\/wp\/v2\/pages"}],"about":[{"href":"https:\/\/www.davidfeldman.com\/fr\/wp-json\/wp\/v2\/types\/page"}],"author":[{"embeddable":true,"href":"https:\/\/www.davidfeldman.com\/fr\/wp-json\/wp\/v2\/users\/4"}],"replies":[{"embeddable":true,"href":"https:\/\/www.davidfeldman.com\/fr\/wp-json\/wp\/v2\/comments?post=952"}],"version-history":[{"count":10,"href":"https:\/\/www.davidfeldman.com\/fr\/wp-json\/wp\/v2\/pages\/952\/revisions"}],"predecessor-version":[{"id":28480,"href":"https:\/\/www.davidfeldman.com\/fr\/wp-json\/wp\/v2\/pages\/952\/revisions\/28480"}],"wp:attachment":[{"href":"https:\/\/www.davidfeldman.com\/fr\/wp-json\/wp\/v2\/media?parent=952"}],"curies":[{"name":"wp","href":"https:\/\/api.w.org\/{rel}","templated":true}]}}