{"id":38916,"date":"2023-03-15T10:24:58","date_gmt":"2023-03-15T08:24:58","guid":{"rendered":"https:\/\/www.davidfeldman.com\/vente-a-prix-fixe\/"},"modified":"2024-03-20T13:08:39","modified_gmt":"2024-03-20T11:08:39","slug":"vente-a-prix-fixe","status":"publish","type":"page","link":"https:\/\/www.davidfeldman.com\/fr\/vente-a-prix-fixe\/","title":{"rendered":"Vente \u00e0 Prix fixe"},"content":{"rendered":"<p>[et_pb_section fb_built=\u00a0\u00bb1&Prime; admin_label=\u00a0\u00bbsection\u00a0\u00bb _builder_version=\u00a0\u00bb4.16&Prime; custom_padding=\u00a0\u00bb54px|0px|54px|0px|false|false\u00a0\u00bb global_colors_info=\u00a0\u00bb{}\u00a0\u00bb][et_pb_row admin_label=\u00a0\u00bbrow\u00a0\u00bb _builder_version=\u00a0\u00bb4.16.1&Prime; background_size=\u00a0\u00bbinitial\u00a0\u00bb background_position=\u00a0\u00bbtop_left\u00a0\u00bb background_repeat=\u00a0\u00bbrepeat\u00a0\u00bb custom_padding=\u00a0\u00bb0|0px|27px|0px|false|false\u00a0\u00bb global_colors_info=\u00a0\u00bb{}\u00a0\u00bb][et_pb_column type=\u00a0\u00bb4_4&Prime; _builder_version=\u00a0\u00bb4.16&Prime; custom_padding=\u00a0\u00bb|||\u00a0\u00bb global_colors_info=\u00a0\u00bb{}\u00a0\u00bb custom_padding__hover=\u00a0\u00bb|||\u00a0\u00bb][et_pb_text _builder_version=\u00a0\u00bb4.16.1&Prime; global_colors_info=\u00a0\u00bb{}\u00a0\u00bb]<\/p>\n<h1>LOTS \u00c0 ACQU\u00c9RIR \u00c0 PRIX FIXE<\/h1>\n<p>[\/et_pb_text][et_pb_text _builder_version=\u00a0\u00bb4.16.1&Prime; background_size=\u00a0\u00bbinitial\u00a0\u00bb background_position=\u00a0\u00bbtop_left\u00a0\u00bb background_repeat=\u00a0\u00bbrepeat\u00a0\u00bb custom_padding=\u00a0\u00bb||7px|||\u00a0\u00bb global_colors_info=\u00a0\u00bb{}\u00a0\u00bb]<\/p>\n<p>Chaque mois, nous proposerons une nouvelle s\u00e9lection de timbres, d&rsquo;enveloppes et de collections \u00e0 vendre \u00e0 prix fixe, sans prime d&rsquo;acheteur. Une bonne opportunit\u00e9 pour les collectionneurs qui veulent inclure de nouveaux articles dans leur collection sans attendre notre nouvelle vente aux ench\u00e8res, et qui ne veulent pas avoir d&rsquo;ench\u00e8res comp\u00e9titives.<\/span><\/p>\n<p style=\"text-align: center;\"><span>De nouveaux lots seront prochainement mis en ligne.<\/span><\/p>\n<p>&nbsp;<\/p>\n<p>[\/et_pb_text][\/et_pb_column][\/et_pb_row][et_pb_row _builder_version=\u00a0\u00bb4.16.1&Prime; _module_preset=\u00a0\u00bbdefault\u00a0\u00bb custom_padding=\u00a0\u00bb||0px|||\u00a0\u00bb global_colors_info=\u00a0\u00bb{}\u00a0\u00bb][et_pb_column type=\u00a0\u00bb4_4&Prime; _builder_version=\u00a0\u00bb4.16.1&Prime; _module_preset=\u00a0\u00bbdefault\u00a0\u00bb global_colors_info=\u00a0\u00bb{}\u00a0\u00bb][et_pb_divider _builder_version=\u00a0\u00bb4.16.1&Prime; _module_preset=\u00a0\u00bbdefault\u00a0\u00bb global_colors_info=\u00a0\u00bb{}\u00a0\u00bb][\/et_pb_divider][\/et_pb_column][\/et_pb_row][\/et_pb_section]<\/p>\n","protected":false},"excerpt":{"rendered":"<p>LOTS \u00c0 ACQU\u00c9RIR \u00c0 PRIX FIXEChaque mois, nous proposerons une nouvelle s\u00e9lection de timbres, d&rsquo;enveloppes et de collections \u00e0 vendre \u00e0 prix fixe, sans prime d&rsquo;acheteur. Une bonne opportunit\u00e9 pour les collectionneurs qui veulent inclure de nouveaux articles dans leur collection sans attendre notre nouvelle vente aux ench\u00e8res, et qui ne veulent pas avoir d&rsquo;ench\u00e8res [&hellip;]<\/p>\n","protected":false},"author":4,"featured_media":0,"parent":0,"menu_order":0,"comment_status":"closed","ping_status":"closed","template":"","meta":{"_acf_changed":false,"_et_pb_use_builder":"on","_et_pb_old_content":"","_et_gb_content_width":"","_uf_show_specific_survey":0,"_uf_disable_surveys":false,"footnotes":""},"class_list":["post-38916","page","type-page","status-publish","hentry"],"acf":[],"yoast_head":"<!-- This site is optimized with the Yoast SEO Premium plugin v27.3 (Yoast SEO v27.4) - https:\/\/yoast.com\/product\/yoast-seo-premium-wordpress\/ -->\n<title>Vente \u00e0 Prix fixe - David Feldman<\/title>\n<meta name=\"description\" content=\"Nous proposons r\u00e9guli\u00e8rement une s\u00e9lection de nouveaux timbres, enveloppes ou collections \u00e0 prix fixe. Ces articles ne sont disponibles que pour quelques semaines.\" \/>\n<meta name=\"robots\" content=\"index, follow, max-snippet:-1, max-image-preview:large, max-video-preview:-1\" \/>\n<link rel=\"canonical\" href=\"https:\/\/www.davidfeldman.com\/fr\/vente-a-prix-fixe\/\" \/>\n<script type=\"application\/ld+json\" class=\"yoast-schema-graph\">{\"@context\":\"https:\\\/\\\/schema.org\",\"@graph\":[{\"@type\":\"WebPage\",\"@id\":\"https:\\\/\\\/www.davidfeldman.com\\\/fr\\\/vente-a-prix-fixe\\\/\",\"url\":\"https:\\\/\\\/www.davidfeldman.com\\\/fr\\\/vente-a-prix-fixe\\\/\",\"name\":\"Vente \u00e0 Prix fixe - David Feldman\",\"isPartOf\":{\"@id\":\"https:\\\/\\\/www.davidfeldman.com\\\/fr\\\/#website\"},\"datePublished\":\"2023-03-15T08:24:58+00:00\",\"dateModified\":\"2024-03-20T11:08:39+00:00\",\"description\":\"Nous proposons r\u00e9guli\u00e8rement une s\u00e9lection de nouveaux timbres, enveloppes ou collections \u00e0 prix fixe. Ces articles ne sont disponibles que pour quelques semaines.\",\"breadcrumb\":{\"@id\":\"https:\\\/\\\/www.davidfeldman.com\\\/fr\\\/vente-a-prix-fixe\\\/#breadcrumb\"},\"inLanguage\":\"fr-FR\",\"potentialAction\":[{\"@type\":\"ReadAction\",\"target\":[\"https:\\\/\\\/www.davidfeldman.com\\\/fr\\\/vente-a-prix-fixe\\\/\"]}]},{\"@type\":\"BreadcrumbList\",\"@id\":\"https:\\\/\\\/www.davidfeldman.com\\\/fr\\\/vente-a-prix-fixe\\\/#breadcrumb\",\"itemListElement\":[{\"@type\":\"ListItem\",\"position\":1,\"name\":\"Accueil\",\"item\":\"https:\\\/\\\/www.davidfeldman.com\\\/fr\\\/\"},{\"@type\":\"ListItem\",\"position\":2,\"name\":\"Vente \u00e0 Prix fixe\"}]},{\"@type\":\"WebSite\",\"@id\":\"https:\\\/\\\/www.davidfeldman.com\\\/fr\\\/#website\",\"url\":\"https:\\\/\\\/www.davidfeldman.com\\\/fr\\\/\",\"name\":\"David Feldman International Auctioneers\",\"description\":\"Ventes aux ench\u00e8res de timbres\",\"publisher\":{\"@id\":\"https:\\\/\\\/www.davidfeldman.com\\\/fr\\\/#organization\"},\"potentialAction\":[{\"@type\":\"SearchAction\",\"target\":{\"@type\":\"EntryPoint\",\"urlTemplate\":\"https:\\\/\\\/www.davidfeldman.com\\\/fr\\\/?s={search_term_string}\"},\"query-input\":{\"@type\":\"PropertyValueSpecification\",\"valueRequired\":true,\"valueName\":\"search_term_string\"}}],\"inLanguage\":\"fr-FR\"},{\"@type\":\"Organization\",\"@id\":\"https:\\\/\\\/www.davidfeldman.com\\\/fr\\\/#organization\",\"name\":\"David Feldman SA\",\"url\":\"https:\\\/\\\/www.davidfeldman.com\\\/fr\\\/\",\"logo\":{\"@type\":\"ImageObject\",\"inLanguage\":\"fr-FR\",\"@id\":\"https:\\\/\\\/www.davidfeldman.com\\\/fr\\\/#\\\/schema\\\/logo\\\/image\\\/\",\"url\":\"https:\\\/\\\/3.248.28.76\\\/wp-content\\\/uploads\\\/2018\\\/08\\\/header_df_logo.jpg\",\"contentUrl\":\"https:\\\/\\\/3.248.28.76\\\/wp-content\\\/uploads\\\/2018\\\/08\\\/header_df_logo.jpg\",\"width\":326,\"height\":55,\"caption\":\"David Feldman SA\"},\"image\":{\"@id\":\"https:\\\/\\\/www.davidfeldman.com\\\/fr\\\/#\\\/schema\\\/logo\\\/image\\\/\"},\"sameAs\":[\"https:\\\/\\\/www.facebook.com\\\/davidfeldmansa\\\/\",\"https:\\\/\\\/www.youtube.com\\\/user\\\/DavidFeldmanSA\",\"https:\\\/\\\/www.instagram.com\\\/davidfeldman_sa\\\/\"]}]}<\/script>\n<!-- \/ Yoast SEO Premium plugin. -->","yoast_head_json":{"title":"Vente \u00e0 Prix fixe - David Feldman","description":"Nous proposons r\u00e9guli\u00e8rement une s\u00e9lection de nouveaux timbres, enveloppes ou collections \u00e0 prix fixe. Ces articles ne sont disponibles que pour quelques semaines.","robots":{"index":"index","follow":"follow","max-snippet":"max-snippet:-1","max-image-preview":"max-image-preview:large","max-video-preview":"max-video-preview:-1"},"canonical":"https:\/\/www.davidfeldman.com\/fr\/vente-a-prix-fixe\/","schema":{"@context":"https:\/\/schema.org","@graph":[{"@type":"WebPage","@id":"https:\/\/www.davidfeldman.com\/fr\/vente-a-prix-fixe\/","url":"https:\/\/www.davidfeldman.com\/fr\/vente-a-prix-fixe\/","name":"Vente \u00e0 Prix fixe - David Feldman","isPartOf":{"@id":"https:\/\/www.davidfeldman.com\/fr\/#website"},"datePublished":"2023-03-15T08:24:58+00:00","dateModified":"2024-03-20T11:08:39+00:00","description":"Nous proposons r\u00e9guli\u00e8rement une s\u00e9lection de nouveaux timbres, enveloppes ou collections \u00e0 prix fixe. Ces articles ne sont disponibles que pour quelques semaines.","breadcrumb":{"@id":"https:\/\/www.davidfeldman.com\/fr\/vente-a-prix-fixe\/#breadcrumb"},"inLanguage":"fr-FR","potentialAction":[{"@type":"ReadAction","target":["https:\/\/www.davidfeldman.com\/fr\/vente-a-prix-fixe\/"]}]},{"@type":"BreadcrumbList","@id":"https:\/\/www.davidfeldman.com\/fr\/vente-a-prix-fixe\/#breadcrumb","itemListElement":[{"@type":"ListItem","position":1,"name":"Accueil","item":"https:\/\/www.davidfeldman.com\/fr\/"},{"@type":"ListItem","position":2,"name":"Vente \u00e0 Prix fixe"}]},{"@type":"WebSite","@id":"https:\/\/www.davidfeldman.com\/fr\/#website","url":"https:\/\/www.davidfeldman.com\/fr\/","name":"David Feldman International Auctioneers","description":"Ventes aux ench\u00e8res de timbres","publisher":{"@id":"https:\/\/www.davidfeldman.com\/fr\/#organization"},"potentialAction":[{"@type":"SearchAction","target":{"@type":"EntryPoint","urlTemplate":"https:\/\/www.davidfeldman.com\/fr\/?s={search_term_string}"},"query-input":{"@type":"PropertyValueSpecification","valueRequired":true,"valueName":"search_term_string"}}],"inLanguage":"fr-FR"},{"@type":"Organization","@id":"https:\/\/www.davidfeldman.com\/fr\/#organization","name":"David Feldman SA","url":"https:\/\/www.davidfeldman.com\/fr\/","logo":{"@type":"ImageObject","inLanguage":"fr-FR","@id":"https:\/\/www.davidfeldman.com\/fr\/#\/schema\/logo\/image\/","url":"https:\/\/3.248.28.76\/wp-content\/uploads\/2018\/08\/header_df_logo.jpg","contentUrl":"https:\/\/3.248.28.76\/wp-content\/uploads\/2018\/08\/header_df_logo.jpg","width":326,"height":55,"caption":"David Feldman SA"},"image":{"@id":"https:\/\/www.davidfeldman.com\/fr\/#\/schema\/logo\/image\/"},"sameAs":["https:\/\/www.facebook.com\/davidfeldmansa\/","https:\/\/www.youtube.com\/user\/DavidFeldmanSA","https:\/\/www.instagram.com\/davidfeldman_sa\/"]}]}},"_links":{"self":[{"href":"https:\/\/www.davidfeldman.com\/fr\/wp-json\/wp\/v2\/pages\/38916","targetHints":{"allow":["GET"]}}],"collection":[{"href":"https:\/\/www.davidfeldman.com\/fr\/wp-json\/wp\/v2\/pages"}],"about":[{"href":"https:\/\/www.davidfeldman.com\/fr\/wp-json\/wp\/v2\/types\/page"}],"author":[{"embeddable":true,"href":"https:\/\/www.davidfeldman.com\/fr\/wp-json\/wp\/v2\/users\/4"}],"replies":[{"embeddable":true,"href":"https:\/\/www.davidfeldman.com\/fr\/wp-json\/wp\/v2\/comments?post=38916"}],"version-history":[{"count":8,"href":"https:\/\/www.davidfeldman.com\/fr\/wp-json\/wp\/v2\/pages\/38916\/revisions"}],"predecessor-version":[{"id":41754,"href":"https:\/\/www.davidfeldman.com\/fr\/wp-json\/wp\/v2\/pages\/38916\/revisions\/41754"}],"wp:attachment":[{"href":"https:\/\/www.davidfeldman.com\/fr\/wp-json\/wp\/v2\/media?parent=38916"}],"curies":[{"name":"wp","href":"https:\/\/api.w.org\/{rel}","templated":true}]}}