{"id":37062,"date":"2022-05-11T10:42:20","date_gmt":"2022-05-11T08:42:20","guid":{"rendered":"https:\/\/www.davidfeldman.com\/bienvenue-chez-david-feldman-international-auctioneers\/"},"modified":"2022-05-13T10:59:48","modified_gmt":"2022-05-13T08:59:48","slug":"bienvenue-chez-david-feldman-international-auctioneers","status":"publish","type":"page","link":"https:\/\/www.davidfeldman.com\/fr\/bienvenue-chez-david-feldman-international-auctioneers\/","title":{"rendered":"Bienvenue chez David Feldman International Auctioneers"},"content":{"rendered":"<p>[et_pb_section fb_built=\u00a0\u00bb1&Prime; _builder_version=\u00a0\u00bb4.16&Prime; global_colors_info=\u00a0\u00bb{}\u00a0\u00bb][et_pb_row column_structure=\u00a0\u00bb2_3,1_3&Prime; _builder_version=\u00a0\u00bb4.16&Prime; background_size=\u00a0\u00bbinitial\u00a0\u00bb background_position=\u00a0\u00bbtop_left\u00a0\u00bb background_repeat=\u00a0\u00bbrepeat\u00a0\u00bb global_colors_info=\u00a0\u00bb{}\u00a0\u00bb][et_pb_column type=\u00a0\u00bb2_3&Prime; _builder_version=\u00a0\u00bb4.16&Prime; custom_padding=\u00a0\u00bb|||\u00a0\u00bb global_colors_info=\u00a0\u00bb{}\u00a0\u00bb custom_padding__hover=\u00a0\u00bb|||\u00a0\u00bb][et_pb_image src=\u00a0\u00bbhttps:\/\/www.davidfeldman.com\/wp-content\/uploads\/2022\/05\/Banner-Site-web-2.png\u00a0\u00bb alt=\u00a0\u00bbDavid Feldman International Auctioneers\u00a0\u00bb title_text=\u00a0\u00bbDavid Feldman International Auctioneers\u00a0\u00bb _builder_version=\u00a0\u00bb4.16.1&Prime; _module_preset=\u00a0\u00bbdefault\u00a0\u00bb global_colors_info=\u00a0\u00bb{}\u00a0\u00bb][\/et_pb_image][et_pb_text _builder_version=\u00a0\u00bb4.16.1&Prime; _module_preset=\u00a0\u00bbdefault\u00a0\u00bb global_colors_info=\u00a0\u00bb{}\u00a0\u00bb]<\/p>\n<h5>Bienvenue chez David Feldman International Auctioneers<\/h5>\n<p>Merci d&rsquo;avoir fait les premiers pas pour devenir client de David Feldman SA, l&rsquo;un des leaders mondiaux des ventes aux ench\u00e8res philat\u00e9liques.\u00a0\u00a0<\/p>\n<p>En tant que nouveau client, nous avons besoin de quelques d\u00e9tails et vous invitons donc \u00e0 compl\u00e9ter votre profil d&rsquo;utilisateur dans le formulaire ci-dessous. Une fois termin\u00e9, et afin de valider votre compte et les limites d&rsquo;ench\u00e8res demand\u00e9es, <strong><u>nous vous demandons de joindre un scan ou une photo lisible de votre passeport ou de votre carte d&rsquo;identit\u00e9.<\/u><\/strong><\/p>\n<p>Nous r\u00e9it\u00e9rons votre bienvenue, et si vous avez besoin de plus d&rsquo;informations, n&rsquo;h\u00e9sitez pas \u00e0 nous contacter.<\/p>\n<p>L&rsquo;\u00e9quipe David Feldman<\/p>\n<p>[\/et_pb_text][et_pb_text _builder_version=\u00a0\u00bb4.16.1&Prime; global_colors_info=\u00a0\u00bb{}\u00a0\u00bb]<\/p>\n<p><a name=\"contact\"><\/a><\/p>\n<h2><strong>FORMULAIRE D&rsquo;INSCRIPTION DES NOUVEAUX ACHETEURS<\/strong><\/h2>\n<p>[\/et_pb_text][et_pb_text _builder_version=\u00a0\u00bb4.16.1&Prime; global_colors_info=\u00a0\u00bb{}\u00a0\u00bb]<\/p>\n\n<div class=\"wpcf7 no-js\" id=\"wpcf7-f37061-o1\" lang=\"en-US\" dir=\"ltr\" data-wpcf7-id=\"37061\">\n<div class=\"screen-reader-response\"><p role=\"status\" aria-live=\"polite\" aria-atomic=\"true\"><\/p> <ul><\/ul><\/div>\n<form action=\"\/fr\/wp-json\/wp\/v2\/pages\/37062#wpcf7-f37061-o1\" method=\"post\" class=\"wpcf7-form init\" aria-label=\"Contact form\" enctype=\"multipart\/form-data\" novalidate=\"novalidate\" data-status=\"init\">\n<fieldset class=\"hidden-fields-container\"><input type=\"hidden\" name=\"_wpcf7\" value=\"37061\" \/><input type=\"hidden\" name=\"_wpcf7_version\" value=\"6.1.5\" \/><input type=\"hidden\" name=\"_wpcf7_locale\" value=\"en_US\" \/><input type=\"hidden\" name=\"_wpcf7_unit_tag\" value=\"wpcf7-f37061-o1\" \/><input type=\"hidden\" name=\"_wpcf7_container_post\" value=\"0\" \/><input type=\"hidden\" name=\"_wpcf7_posted_data_hash\" value=\"\" \/><input type=\"hidden\" name=\"upload_dir\" value=\"[your-email]\" \/><input type=\"hidden\" name=\"generate_name\" value=\"04-24-26-69eaa23872121\" \/><input type=\"hidden\" name=\"_wpcf7_post_id\" value=\"37062\" \/><input type=\"hidden\" name=\"_wpcf7_recaptcha_response\" value=\"\" \/>\n<\/fieldset>\n<div class=\"one_half\"><label> Pr\u00e9nom\n    <span class=\"wpcf7-form-control-wrap\" data-name=\"First-name\"><input size=\"40\" maxlength=\"400\" class=\"wpcf7-form-control wpcf7-text wpcf7-validates-as-required\" aria-required=\"true\" aria-invalid=\"false\" value=\"\" type=\"text\" name=\"First-name\" \/><\/span> <\/label><\/div>\n\n<div class=\"one_half et_column_last\"><label> Nom\n    <span class=\"wpcf7-form-control-wrap\" data-name=\"Last-name\"><input size=\"40\" maxlength=\"400\" class=\"wpcf7-form-control wpcf7-text wpcf7-validates-as-required\" aria-required=\"true\" aria-invalid=\"false\" value=\"\" type=\"text\" name=\"Last-name\" \/><\/span> <\/label><\/div>\n\n<div class=\"one_half\"><label> Adresse\n    <span class=\"wpcf7-form-control-wrap\" data-name=\"Address\"><input size=\"40\" maxlength=\"400\" class=\"wpcf7-form-control wpcf7-text wpcf7-validates-as-required\" aria-required=\"true\" aria-invalid=\"false\" value=\"\" type=\"text\" name=\"Address\" \/><\/span> <\/label><\/div>\n\n<div class=\"one_half et_column_last\"><label>Code postal\n    <span class=\"wpcf7-form-control-wrap\" data-name=\"Postal-code\"><input size=\"40\" maxlength=\"400\" class=\"wpcf7-form-control wpcf7-text wpcf7-validates-as-required\" aria-required=\"true\" aria-invalid=\"false\" value=\"\" type=\"text\" name=\"Postal-code\" \/><\/span> <\/label><\/div>\n\n<div class=\"one_half\"><label> Ville\n    <span class=\"wpcf7-form-control-wrap\" data-name=\"City\"><input size=\"40\" maxlength=\"400\" class=\"wpcf7-form-control wpcf7-text wpcf7-validates-as-required\" aria-required=\"true\" aria-invalid=\"false\" value=\"\" type=\"text\" name=\"City\" \/><\/span> <\/label><\/div>\n\n<div class=\"one_half et_column_last\"><label> Pays\n    <span class=\"wpcf7-form-control-wrap\" data-name=\"Country\"><input size=\"40\" maxlength=\"400\" class=\"wpcf7-form-control wpcf7-text wpcf7-validates-as-required\" aria-required=\"true\" aria-invalid=\"false\" value=\"\" type=\"text\" name=\"Country\" \/><\/span> <\/label><\/div>\n\n<div class=\"one_half\"><label> T\u00e9l\u00e9phone\n    <span class=\"wpcf7-form-control-wrap\" data-name=\"Phone\"><input size=\"40\" maxlength=\"400\" class=\"wpcf7-form-control wpcf7-text wpcf7-validates-as-required\" aria-required=\"true\" aria-invalid=\"false\" value=\"\" type=\"text\" name=\"Phone\" \/><\/span> <\/label><\/div>\n\n<div class=\"one_half et_column_last\"><label> Votre email\n    <span class=\"wpcf7-form-control-wrap\" data-name=\"your-email\"><input size=\"40\" maxlength=\"400\" class=\"wpcf7-form-control wpcf7-email wpcf7-validates-as-required wpcf7-text wpcf7-validates-as-email\" aria-required=\"true\" aria-invalid=\"false\" value=\"\" type=\"email\" name=\"your-email\" \/><\/span> <\/label><\/div>\n<\/br>\n<\/br>\n<strong>R\u00e9f\u00e9rences de maisons de ventes aux ench\u00e8res<\/strong><\/br>\n<div class=\"one_half\"><label> Nom de la maison de ventes\n    <span class=\"wpcf7-form-control-wrap\" data-name=\"Name-of-the-company1\"><input size=\"40\" maxlength=\"400\" class=\"wpcf7-form-control wpcf7-text wpcf7-validates-as-required\" aria-required=\"true\" aria-invalid=\"false\" value=\"\" type=\"text\" name=\"Name-of-the-company1\" \/><\/span> <\/label><\/div>\n\n<div class=\"one_half et_column_last\"><label> Num\u00e9ro de client\n    <span class=\"wpcf7-form-control-wrap\" data-name=\"Client-Number1\"><input size=\"40\" maxlength=\"400\" class=\"wpcf7-form-control wpcf7-text\" aria-invalid=\"false\" value=\"\" type=\"text\" name=\"Client-Number1\" \/><\/span> <\/label><\/div>\n<\/br>\n<div class=\"one_half\"><label> Nom de la maison de ventes\n    <span class=\"wpcf7-form-control-wrap\" data-name=\"Name-of-the-company2\"><input size=\"40\" maxlength=\"400\" class=\"wpcf7-form-control wpcf7-text\" aria-invalid=\"false\" value=\"\" type=\"text\" name=\"Name-of-the-company2\" \/><\/span> <\/label><\/div>\n\n<div class=\"one_half et_column_last\"><label> Num\u00e9ro de client\n    <span class=\"wpcf7-form-control-wrap\" data-name=\"Client-Number2\"><input size=\"40\" maxlength=\"400\" class=\"wpcf7-form-control wpcf7-text\" aria-invalid=\"false\" value=\"\" type=\"text\" name=\"Client-Number2\" \/><\/span> <\/label><\/div>\n\n<\/br>\n<\/br>\n\n<label> De quelle limite de cr\u00e9dit avez-vous besoin par vente?\n    <span class=\"wpcf7-form-control-wrap\" data-name=\"Credit-Limit\"><input size=\"40\" maxlength=\"400\" class=\"wpcf7-form-control wpcf7-text wpcf7-validates-as-required\" aria-required=\"true\" aria-invalid=\"false\" value=\"\" type=\"text\" name=\"Credit-Limit\" \/><\/span> <\/label>\n\n\n<\/br><\/br>\n<i>Nous certifions que vos informations personnelles resteront priv\u00e9es. <\/i><\/br><\/br>\nJe comprends et accepte pleinement les termes et conditions de David Feldman International Auctioneers mentionn\u00e9s dans les catalogues et sur le site internet. (http:\/\/www.davidfeldman.com)<\/br>\nJe joins une copie de ma carte d'identit\u00e9 ou de mon passeport.\n<\/br><\/br>\n<span class=\"wpcf7-form-control-wrap\" data-name=\"ID\"><input size=\"40\" class=\"wpcf7-form-control wpcf7-file wpcf7-validates-as-required\" accept=\"audio\/*,video\/*,image\/*\" aria-required=\"true\" aria-invalid=\"false\" type=\"file\" name=\"ID\" \/><\/span><\/br>\n<\/br>\n<input class=\"wpcf7-form-control wpcf7-submit has-spinner\" type=\"submit\" value=\"Submit\" \/><div class=\"wpcf7-response-output\" aria-hidden=\"true\"><\/div>\n<\/form>\n<\/div>\n\n<p>[\/et_pb_text][\/et_pb_column][et_pb_column type=\u00a0\u00bb1_3&Prime; _builder_version=\u00a0\u00bb4.16&Prime; custom_padding=\u00a0\u00bb|||\u00a0\u00bb global_colors_info=\u00a0\u00bb{}\u00a0\u00bb custom_padding__hover=\u00a0\u00bb|||\u00a0\u00bb][et_pb_text _builder_version=\u00a0\u00bb4.16.1&Prime; hover_enabled=\u00a0\u00bb0&Prime; global_colors_info=\u00a0\u00bb{}\u00a0\u00bb sticky_enabled=\u00a0\u00bb0&Prime;]<\/p>\n<h3 class=\"red\">Adresse<\/h3>\n<p>David Feldman SA<br \/> Bo\u00eete postale<br \/> Petit-Lancy 1<br \/> 1213 Gen\u00e8ve<br \/> Suisse<\/p>\n<h3 class=\"red\">Contact <\/h3>\n<p>Tel: <strong>+41 22 727 07 77<\/strong><br \/> Fax: +41 22 727 07 78<br \/> <a href=\"mailto:info@davidfeldman.com\">info@davidfeldman.com<\/a><\/p>\n<h3 class=\"red\">Nos bureaux<\/h3>\n<p>59D\u00a0route de Chancy &#8211; 3\u00e8me \u00e9tage<br \/> 1213\u00a0Petit-lancy<br \/> Suisse<br \/> Du lundi au vendredi de 08:30 \u00e0 17:00<\/p>\n<p><a href=\"https:\/\/www.google.ch\/maps\/place\/David+Feldman+SA\/@46.187512,6.113125,15z\/data=!4m5!3m4!1s0x0:0x3e1aa577a5a1efb7!8m2!3d46.187512!4d6.113125\"><img loading=\"lazy\" decoding=\"async\" class=\"alignnone wp-image-16877 size-medium\" src=\"https:\/\/www.davidfeldman.com\/wp-content\/uploads\/2011\/03\/59RoutedeCHancy_DFSA-300x300.jpg\" alt=\"Map 59 route de chancy\" width=\"300\" height=\"300\" srcset=\"https:\/\/www.davidfeldman.com\/wp-content\/uploads\/2011\/03\/59RoutedeCHancy_DFSA-300x300.jpg 300w, https:\/\/www.davidfeldman.com\/wp-content\/uploads\/2011\/03\/59RoutedeCHancy_DFSA-150x150.jpg 150w, https:\/\/www.davidfeldman.com\/wp-content\/uploads\/2011\/03\/59RoutedeCHancy_DFSA-768x768.jpg 768w, https:\/\/www.davidfeldman.com\/wp-content\/uploads\/2011\/03\/59RoutedeCHancy_DFSA.jpg 800w\" sizes=\"(max-width: 300px) 100vw, 300px\" \/><\/a><\/p>\n<p><i><br \/>\nCliquez sur la carte pour obtenir les directions<\/i><\/p>\n<p>[\/et_pb_text][et_pb_sidebar area=\u00a0\u00bbet_pb_widget_area_10&Prime; _builder_version=\u00a0\u00bb4.16&Prime; _module_preset=\u00a0\u00bbdefault\u00a0\u00bb global_colors_info=\u00a0\u00bb{}\u00a0\u00bb][\/et_pb_sidebar][\/et_pb_column][\/et_pb_row][et_pb_row _builder_version=\u00a0\u00bb4.16.1&Prime; _module_preset=\u00a0\u00bbdefault\u00a0\u00bb global_colors_info=\u00a0\u00bb{}\u00a0\u00bb][et_pb_column type=\u00a0\u00bb4_4&Prime; _builder_version=\u00a0\u00bb4.16.1&Prime; _module_preset=\u00a0\u00bbdefault\u00a0\u00bb global_colors_info=\u00a0\u00bb{}\u00a0\u00bb][\/et_pb_column][\/et_pb_row][\/et_pb_section]<\/p>\n","protected":false},"excerpt":{"rendered":"<p>Bienvenue chez David Feldman International Auctioneers Merci d&rsquo;avoir fait les premiers pas pour devenir client de David Feldman SA, l&rsquo;un des leaders mondiaux des ventes aux ench\u00e8res philat\u00e9liques.\u00a0\u00a0 En tant que nouveau client, nous avons besoin de quelques d\u00e9tails et vous invitons donc \u00e0 compl\u00e9ter votre profil d&rsquo;utilisateur dans le formulaire ci-dessous. Une fois termin\u00e9, [&hellip;]<\/p>\n","protected":false},"author":4,"featured_media":0,"parent":0,"menu_order":0,"comment_status":"closed","ping_status":"closed","template":"","meta":{"_acf_changed":false,"_et_pb_use_builder":"on","_et_pb_old_content":"","_et_gb_content_width":"","_uf_show_specific_survey":0,"_uf_disable_surveys":false,"footnotes":""},"class_list":["post-37062","page","type-page","status-publish","hentry"],"acf":[],"yoast_head":"<!-- This site is optimized with the Yoast SEO Premium plugin v27.3 (Yoast SEO v27.4) - https:\/\/yoast.com\/product\/yoast-seo-premium-wordpress\/ -->\n<title>Bienvenue chez David Feldman International Auctioneers - David Feldman<\/title>\n<meta name=\"description\" content=\"Bienvenue au nouveau client qui souhaite participer aux ench\u00e8res philat\u00e9liques de David Feldman. Faisons connaissance.\" \/>\n<meta name=\"robots\" content=\"index, follow, max-snippet:-1, max-image-preview:large, max-video-preview:-1\" \/>\n<link rel=\"canonical\" href=\"https:\/\/www.davidfeldman.com\/fr\/bienvenue-chez-david-feldman-international-auctioneers\/\" \/>\n<script type=\"application\/ld+json\" class=\"yoast-schema-graph\">{\"@context\":\"https:\\\/\\\/schema.org\",\"@graph\":[{\"@type\":\"WebPage\",\"@id\":\"https:\\\/\\\/www.davidfeldman.com\\\/fr\\\/bienvenue-chez-david-feldman-international-auctioneers\\\/\",\"url\":\"https:\\\/\\\/www.davidfeldman.com\\\/fr\\\/bienvenue-chez-david-feldman-international-auctioneers\\\/\",\"name\":\"Bienvenue chez David Feldman International Auctioneers - David Feldman\",\"isPartOf\":{\"@id\":\"https:\\\/\\\/www.davidfeldman.com\\\/fr\\\/#website\"},\"primaryImageOfPage\":{\"@id\":\"https:\\\/\\\/www.davidfeldman.com\\\/fr\\\/bienvenue-chez-david-feldman-international-auctioneers\\\/#primaryimage\"},\"image\":{\"@id\":\"https:\\\/\\\/www.davidfeldman.com\\\/fr\\\/bienvenue-chez-david-feldman-international-auctioneers\\\/#primaryimage\"},\"thumbnailUrl\":\"https:\\\/\\\/www.davidfeldman.com\\\/wp-content\\\/uploads\\\/2011\\\/03\\\/59RoutedeCHancy_DFSA-300x300.jpg\",\"datePublished\":\"2022-05-11T08:42:20+00:00\",\"dateModified\":\"2022-05-13T08:59:48+00:00\",\"description\":\"Bienvenue au nouveau client qui souhaite participer aux ench\u00e8res philat\u00e9liques de David Feldman. Faisons connaissance.\",\"breadcrumb\":{\"@id\":\"https:\\\/\\\/www.davidfeldman.com\\\/fr\\\/bienvenue-chez-david-feldman-international-auctioneers\\\/#breadcrumb\"},\"inLanguage\":\"fr-FR\",\"potentialAction\":[{\"@type\":\"ReadAction\",\"target\":[\"https:\\\/\\\/www.davidfeldman.com\\\/fr\\\/bienvenue-chez-david-feldman-international-auctioneers\\\/\"]}]},{\"@type\":\"ImageObject\",\"inLanguage\":\"fr-FR\",\"@id\":\"https:\\\/\\\/www.davidfeldman.com\\\/fr\\\/bienvenue-chez-david-feldman-international-auctioneers\\\/#primaryimage\",\"url\":\"https:\\\/\\\/www.davidfeldman.com\\\/wp-content\\\/uploads\\\/2011\\\/03\\\/59RoutedeCHancy_DFSA-300x300.jpg\",\"contentUrl\":\"https:\\\/\\\/www.davidfeldman.com\\\/wp-content\\\/uploads\\\/2011\\\/03\\\/59RoutedeCHancy_DFSA-300x300.jpg\"},{\"@type\":\"BreadcrumbList\",\"@id\":\"https:\\\/\\\/www.davidfeldman.com\\\/fr\\\/bienvenue-chez-david-feldman-international-auctioneers\\\/#breadcrumb\",\"itemListElement\":[{\"@type\":\"ListItem\",\"position\":1,\"name\":\"Accueil\",\"item\":\"https:\\\/\\\/www.davidfeldman.com\\\/fr\\\/\"},{\"@type\":\"ListItem\",\"position\":2,\"name\":\"Bienvenue chez David Feldman International Auctioneers\"}]},{\"@type\":\"WebSite\",\"@id\":\"https:\\\/\\\/www.davidfeldman.com\\\/fr\\\/#website\",\"url\":\"https:\\\/\\\/www.davidfeldman.com\\\/fr\\\/\",\"name\":\"David Feldman International Auctioneers\",\"description\":\"Ventes aux ench\u00e8res de timbres\",\"publisher\":{\"@id\":\"https:\\\/\\\/www.davidfeldman.com\\\/fr\\\/#organization\"},\"potentialAction\":[{\"@type\":\"SearchAction\",\"target\":{\"@type\":\"EntryPoint\",\"urlTemplate\":\"https:\\\/\\\/www.davidfeldman.com\\\/fr\\\/?s={search_term_string}\"},\"query-input\":{\"@type\":\"PropertyValueSpecification\",\"valueRequired\":true,\"valueName\":\"search_term_string\"}}],\"inLanguage\":\"fr-FR\"},{\"@type\":\"Organization\",\"@id\":\"https:\\\/\\\/www.davidfeldman.com\\\/fr\\\/#organization\",\"name\":\"David Feldman SA\",\"url\":\"https:\\\/\\\/www.davidfeldman.com\\\/fr\\\/\",\"logo\":{\"@type\":\"ImageObject\",\"inLanguage\":\"fr-FR\",\"@id\":\"https:\\\/\\\/www.davidfeldman.com\\\/fr\\\/#\\\/schema\\\/logo\\\/image\\\/\",\"url\":\"https:\\\/\\\/3.248.28.76\\\/wp-content\\\/uploads\\\/2018\\\/08\\\/header_df_logo.jpg\",\"contentUrl\":\"https:\\\/\\\/3.248.28.76\\\/wp-content\\\/uploads\\\/2018\\\/08\\\/header_df_logo.jpg\",\"width\":326,\"height\":55,\"caption\":\"David Feldman SA\"},\"image\":{\"@id\":\"https:\\\/\\\/www.davidfeldman.com\\\/fr\\\/#\\\/schema\\\/logo\\\/image\\\/\"},\"sameAs\":[\"https:\\\/\\\/www.facebook.com\\\/davidfeldmansa\\\/\",\"https:\\\/\\\/www.youtube.com\\\/user\\\/DavidFeldmanSA\",\"https:\\\/\\\/www.instagram.com\\\/davidfeldman_sa\\\/\"]}]}<\/script>\n<!-- \/ Yoast SEO Premium plugin. -->","yoast_head_json":{"title":"Bienvenue chez David Feldman International Auctioneers - David Feldman","description":"Bienvenue au nouveau client qui souhaite participer aux ench\u00e8res philat\u00e9liques de David Feldman. Faisons connaissance.","robots":{"index":"index","follow":"follow","max-snippet":"max-snippet:-1","max-image-preview":"max-image-preview:large","max-video-preview":"max-video-preview:-1"},"canonical":"https:\/\/www.davidfeldman.com\/fr\/bienvenue-chez-david-feldman-international-auctioneers\/","schema":{"@context":"https:\/\/schema.org","@graph":[{"@type":"WebPage","@id":"https:\/\/www.davidfeldman.com\/fr\/bienvenue-chez-david-feldman-international-auctioneers\/","url":"https:\/\/www.davidfeldman.com\/fr\/bienvenue-chez-david-feldman-international-auctioneers\/","name":"Bienvenue chez David Feldman International Auctioneers - David Feldman","isPartOf":{"@id":"https:\/\/www.davidfeldman.com\/fr\/#website"},"primaryImageOfPage":{"@id":"https:\/\/www.davidfeldman.com\/fr\/bienvenue-chez-david-feldman-international-auctioneers\/#primaryimage"},"image":{"@id":"https:\/\/www.davidfeldman.com\/fr\/bienvenue-chez-david-feldman-international-auctioneers\/#primaryimage"},"thumbnailUrl":"https:\/\/www.davidfeldman.com\/wp-content\/uploads\/2011\/03\/59RoutedeCHancy_DFSA-300x300.jpg","datePublished":"2022-05-11T08:42:20+00:00","dateModified":"2022-05-13T08:59:48+00:00","description":"Bienvenue au nouveau client qui souhaite participer aux ench\u00e8res philat\u00e9liques de David Feldman. Faisons connaissance.","breadcrumb":{"@id":"https:\/\/www.davidfeldman.com\/fr\/bienvenue-chez-david-feldman-international-auctioneers\/#breadcrumb"},"inLanguage":"fr-FR","potentialAction":[{"@type":"ReadAction","target":["https:\/\/www.davidfeldman.com\/fr\/bienvenue-chez-david-feldman-international-auctioneers\/"]}]},{"@type":"ImageObject","inLanguage":"fr-FR","@id":"https:\/\/www.davidfeldman.com\/fr\/bienvenue-chez-david-feldman-international-auctioneers\/#primaryimage","url":"https:\/\/www.davidfeldman.com\/wp-content\/uploads\/2011\/03\/59RoutedeCHancy_DFSA-300x300.jpg","contentUrl":"https:\/\/www.davidfeldman.com\/wp-content\/uploads\/2011\/03\/59RoutedeCHancy_DFSA-300x300.jpg"},{"@type":"BreadcrumbList","@id":"https:\/\/www.davidfeldman.com\/fr\/bienvenue-chez-david-feldman-international-auctioneers\/#breadcrumb","itemListElement":[{"@type":"ListItem","position":1,"name":"Accueil","item":"https:\/\/www.davidfeldman.com\/fr\/"},{"@type":"ListItem","position":2,"name":"Bienvenue chez David Feldman International Auctioneers"}]},{"@type":"WebSite","@id":"https:\/\/www.davidfeldman.com\/fr\/#website","url":"https:\/\/www.davidfeldman.com\/fr\/","name":"David Feldman International Auctioneers","description":"Ventes aux ench\u00e8res de timbres","publisher":{"@id":"https:\/\/www.davidfeldman.com\/fr\/#organization"},"potentialAction":[{"@type":"SearchAction","target":{"@type":"EntryPoint","urlTemplate":"https:\/\/www.davidfeldman.com\/fr\/?s={search_term_string}"},"query-input":{"@type":"PropertyValueSpecification","valueRequired":true,"valueName":"search_term_string"}}],"inLanguage":"fr-FR"},{"@type":"Organization","@id":"https:\/\/www.davidfeldman.com\/fr\/#organization","name":"David Feldman SA","url":"https:\/\/www.davidfeldman.com\/fr\/","logo":{"@type":"ImageObject","inLanguage":"fr-FR","@id":"https:\/\/www.davidfeldman.com\/fr\/#\/schema\/logo\/image\/","url":"https:\/\/3.248.28.76\/wp-content\/uploads\/2018\/08\/header_df_logo.jpg","contentUrl":"https:\/\/3.248.28.76\/wp-content\/uploads\/2018\/08\/header_df_logo.jpg","width":326,"height":55,"caption":"David Feldman SA"},"image":{"@id":"https:\/\/www.davidfeldman.com\/fr\/#\/schema\/logo\/image\/"},"sameAs":["https:\/\/www.facebook.com\/davidfeldmansa\/","https:\/\/www.youtube.com\/user\/DavidFeldmanSA","https:\/\/www.instagram.com\/davidfeldman_sa\/"]}]}},"_links":{"self":[{"href":"https:\/\/www.davidfeldman.com\/fr\/wp-json\/wp\/v2\/pages\/37062","targetHints":{"allow":["GET"]}}],"collection":[{"href":"https:\/\/www.davidfeldman.com\/fr\/wp-json\/wp\/v2\/pages"}],"about":[{"href":"https:\/\/www.davidfeldman.com\/fr\/wp-json\/wp\/v2\/types\/page"}],"author":[{"embeddable":true,"href":"https:\/\/www.davidfeldman.com\/fr\/wp-json\/wp\/v2\/users\/4"}],"replies":[{"embeddable":true,"href":"https:\/\/www.davidfeldman.com\/fr\/wp-json\/wp\/v2\/comments?post=37062"}],"version-history":[{"count":7,"href":"https:\/\/www.davidfeldman.com\/fr\/wp-json\/wp\/v2\/pages\/37062\/revisions"}],"predecessor-version":[{"id":37081,"href":"https:\/\/www.davidfeldman.com\/fr\/wp-json\/wp\/v2\/pages\/37062\/revisions\/37081"}],"wp:attachment":[{"href":"https:\/\/www.davidfeldman.com\/fr\/wp-json\/wp\/v2\/media?parent=37062"}],"curies":[{"name":"wp","href":"https:\/\/api.w.org\/{rel}","templated":true}]}}