{"id":34440,"date":"2021-07-16T15:22:56","date_gmt":"2021-07-16T13:22:56","guid":{"rendered":"https:\/\/www.davidfeldman.com\/guyane-britannique-la-collection-imperium\/"},"modified":"2021-10-04T15:36:06","modified_gmt":"2021-10-04T13:36:06","slug":"guyane-britannique-la-collection-imperium","status":"publish","type":"page","link":"https:\/\/www.davidfeldman.com\/fr\/guyane-britannique-la-collection-imperium\/","title":{"rendered":"Guyane britannique &#8211; La collection \u00ab\u00a0Imperium\u00a0\u00bb"},"content":{"rendered":"<p>[et_pb_section fb_built=\u00a0\u00bb1&Prime; fullwidth=\u00a0\u00bbon\u00a0\u00bb _builder_version=\u00a0\u00bb4.9.4&Prime; _module_preset=\u00a0\u00bbdefault\u00a0\u00bb height=\u00a0\u00bb553px\u00a0\u00bb max_height=\u00a0\u00bb553px\u00a0\u00bb][et_pb_fullwidth_image src=\u00a0\u00bbhttps:\/\/www.davidfeldman.com\/wp-content\/uploads\/2021\/07\/Cover_BG_emailing.jpg\u00a0\u00bb alt=\u00a0\u00bbCollection philat\u00e9lique de la Guyane britannique\u00a0\u00bb title_text=\u00a0\u00bbCover_BG_emailing\u00a0\u00bb _builder_version=\u00a0\u00bb4.9.4&Prime; _module_preset=\u00a0\u00bbdefault\u00a0\u00bb width=\u00a0\u00bb100%\u00a0\u00bb height=\u00a0\u00bb587px\u00a0\u00bb max_height=\u00a0\u00bb1000px\u00a0\u00bb][\/et_pb_fullwidth_image][\/et_pb_section][et_pb_section fb_built=\u00a0\u00bb1&Prime; _builder_version=\u00a0\u00bb3.22&Prime;][et_pb_row _builder_version=\u00a0\u00bb4.9.4&Prime; _module_preset=\u00a0\u00bbdefault\u00a0\u00bb][et_pb_column type=\u00a0\u00bb4_4&Prime; _builder_version=\u00a0\u00bb4.9.4&Prime; _module_preset=\u00a0\u00bbdefault\u00a0\u00bb][et_pb_text _builder_version=\u00a0\u00bb4.9.4&Prime; _module_preset=\u00a0\u00bbdefault\u00a0\u00bb hover_enabled=\u00a0\u00bb0&Prime; sticky_enabled=\u00a0\u00bb0&Prime;]<\/p>\n<h3 class=\"p1\" style=\"text-align: center;\"><span style=\"color: #003366;\">Vente aux ench\u00e8res de la fantastique collection \u00ab\u00a0Imperium\u00a0\u00bb de Guyane britannique<\/span><\/h3>\n<p class=\"p1\" style=\"text-align: center;\">14 octobre 2021 \u00e0 15h CEST<\/p>\n<p>[\/et_pb_text][\/et_pb_column][\/et_pb_row][et_pb_row column_structure=\u00a0\u00bb1_2,1_2&Prime; _builder_version=\u00a0\u00bb4.9.4&Prime; _module_preset=\u00a0\u00bbdefault\u00a0\u00bb][et_pb_column type=\u00a0\u00bb1_2&Prime; _builder_version=\u00a0\u00bb4.9.4&Prime; _module_preset=\u00a0\u00bbdefault\u00a0\u00bb][et_pb_button button_url=\u00a0\u00bbhttps:\/\/www.davidfeldman.com\/fr\/dfsa-ventes\/british-guiana\/british-guiana\/\u00a0\u00bb button_text=\u00a0\u00bbVoir les lots et miser en ligne\u00a0\u00bb button_alignment=\u00a0\u00bbcenter\u00a0\u00bb _builder_version=\u00a0\u00bb4.9.4&Prime; _module_preset=\u00a0\u00bbdefault\u00a0\u00bb][\/et_pb_button][\/et_pb_column][et_pb_column type=\u00a0\u00bb1_2&Prime; _builder_version=\u00a0\u00bb4.9.4&Prime; _module_preset=\u00a0\u00bbdefault\u00a0\u00bb][et_pb_button button_url=\u00a0\u00bbhttps:\/\/www.davidfeldman.com\/wp-content\/uploads\/2021\/09\/DFSA_Stamp_Auction_catalogue_British_Guiana_October2021.pdf\u00a0\u00bb button_text=\u00a0\u00bbT\u00e9l\u00e9charger le catalogue pdf\u00a0\u00bb button_alignment=\u00a0\u00bbcenter\u00a0\u00bb _builder_version=\u00a0\u00bb4.9.4&Prime; _module_preset=\u00a0\u00bbdefault\u00a0\u00bb][\/et_pb_button][\/et_pb_column][\/et_pb_row][et_pb_row _builder_version=\u00a0\u00bb4.9.4&Prime; _module_preset=\u00a0\u00bbdefault\u00a0\u00bb][et_pb_column type=\u00a0\u00bb4_4&Prime; _builder_version=\u00a0\u00bb4.9.4&Prime; _module_preset=\u00a0\u00bbdefault\u00a0\u00bb][et_pb_text _builder_version=\u00a0\u00bb4.9.4&Prime; _module_preset=\u00a0\u00bbdefault\u00a0\u00bb]<\/p>\n<p><span><strong>Cette vente est une occasion unique d&rsquo;acqu\u00e9rir des pi\u00e8ces de l&rsquo;une des collections les plus importantes et les plus compl\u00e8tes jamais constitu\u00e9es de cette c\u00e9l\u00e8bre colonie britannique.<\/strong> La Guyane britannique a longtemps eu le statut de l\u00e9gende philat\u00e9lique, comme l&rsquo;une des r\u00e9gions les plus convoit\u00e9es pour avoir \u00e9mis un ensemble d&rsquo;\u00e9missions primitives qui regroupe de nombreux timbres parmis les plus rares du monde.  La vente aux ench\u00e8res aura lieu le <strong>jeudi 14 octobre 2021<\/strong>. Elle inclura tous les lots vendus par David Feldman SA en 2014 de <strong>la collection laur\u00e9ate du Grand Prix, form\u00e9e par John E du Pont<\/strong>, mais aussi des raret\u00e9s notables ajout\u00e9es \u00e0 celle-ci au cours des ann\u00e9es suivantes, provenant d&rsquo;achats aux ench\u00e8res ainsi que de gr\u00e9 \u00e0 gr\u00e9.<\/span><\/p>\n<p><span>\u00a0<\/span><\/p>\n<p><span>La collection est une \u00e9tude pr\u00e9\u00e9minente des trois timbres primitifs embl\u00e9matiques de la Guyane britannique : les \u00ab\u00a0Cotton Reels\u00a0\u00bb de 1850, les Waterlows de 1852-53 et les timbres provisoires de 1856. \u00c9galement inclus est la p\u00e9riode pr\u00e9-philat\u00e9lique ainsi que les timbres de Grande-Bretagne \u00ab\u00a0used abroad\u00a0\u00bb en Guyane britannique. Cette fascinante r\u00e9gion qui se trouve sur la c\u00f4te nord de l&rsquo;Am\u00e9rique du Sud, a toujours attir\u00e9 l&rsquo;attention des plus grands collectionneurs et, \u00e0 ce titre, le mat\u00e9riel provient des collections des plus c\u00e9l\u00e8bres philat\u00e9listes du monde, tels que <strong>le comte Ferrary, le roi Fuad, Burrus, Dale-Lichtenstein, Champion, Hind, Duveen, Townsend, Hubbard et bien s\u00fbr du Pont.<\/strong><\/p>\n<p><\/span><\/p>\n<p>[\/et_pb_text][\/et_pb_column][\/et_pb_row][et_pb_row column_structure=\u00a0\u00bb1_2,1_2&Prime; _builder_version=\u00a0\u00bb4.9.4&Prime; _module_preset=\u00a0\u00bbdefault\u00a0\u00bb][et_pb_column type=\u00a0\u00bb1_2&Prime; _builder_version=\u00a0\u00bb4.9.4&Prime; _module_preset=\u00a0\u00bbdefault\u00a0\u00bb][et_pb_image src=\u00a0\u00bbhttps:\/\/www.davidfeldman.com\/wp-content\/uploads\/2021\/07\/2Cents_missRose_Cover.png\u00a0\u00bb alt=\u00a0\u00bbEnveloppe Miss Rose Guyane britannique\u00a0\u00bb title_text=\u00a0\u00bb2Cents_missRose_Cover\u00a0\u00bb _builder_version=\u00a0\u00bb4.9.4&Prime; _module_preset=\u00a0\u00bbdefault\u00a0\u00bb min_height=\u00a0\u00bb331.3px\u00a0\u00bb][\/et_pb_image][\/et_pb_column][et_pb_column type=\u00a0\u00bb1_2&Prime; _builder_version=\u00a0\u00bb4.9.4&Prime; _module_preset=\u00a0\u00bbdefault\u00a0\u00bb][et_pb_text _builder_version=\u00a0\u00bb4.9.4&Prime; _module_preset=\u00a0\u00bbdefault\u00a0\u00bb]<span><\/span><\/p>\n<p><span><\/span><\/p>\n<p><span><\/span><\/p>\n<p><span>La collection comprend plusieurs raret\u00e9s mondiales dont le <strong>\u00ab\u00a0Two Cent Cotton Reel\u00a0\u00bb de 1850<\/strong>, qui appartenait \u00e0 Rene Berlingin<\/strong>, et \u00e9galement la l\u00e9gendaire enveloppe <strong>\u201cMiss Rose\u201d<\/strong>, qui est l&rsquo;une des deux seules enveloppes en main priv\u00e9e avec le premier timbre de Guyane britannique et qui appartenait autrefois \u00e0 la collection de <strong>Claude Cartier<\/strong>. <strong>L&rsquo;unique exemplaire de \u00ab\u00a0l&rsquo;erreur de couleur\u00a0\u00bb ou \u00ab\u00a02 cents au lieu de 12\u00a0\u00bb<\/strong>, qui fut d\u00e9crite par Robson Lowe dans le catalogue de vente aux ench\u00e8res Burrus de 1963 comme \u00e9tant, <em>\u00ab\u00a0aussi importante que le \u00ab\u00a0One-Cent magenta\u00a0\u00bb de 1856<\/em>\u00ab\u00a0\u00a0\u00bb &#8211; le timbre le plus cher du monde qui a r\u00e9cemment \u00e9t\u00e9 vendu aux ench\u00e8res pour 8,3 millions de dollars. Parmi les autres pi\u00e8ces ma\u00eetresses, citons une s\u00e9lection exceptionnelle de l&rsquo;\u00e9mission des \u00ab\u00a0Grands Navires\u00a0\u00bb de 1852 dans des qualit\u00e9s stup\u00e9fiantes, des exemples magnifiques de la c\u00e9l\u00e8bre \u00e9mission provisoires de  1856 dont le tr\u00e8s rare quatre cents sur bleu.<\/span>[\/et_pb_text][\/et_pb_column][\/et_pb_row][et_pb_row _builder_version=\u00a0\u00bb4.9.4&Prime; _module_preset=\u00a0\u00bbdefault\u00a0\u00bb custom_padding=\u00a0\u00bb||8px|||\u00a0\u00bb][et_pb_column type=\u00a0\u00bb4_4&Prime; _builder_version=\u00a0\u00bb4.9.4&Prime; _module_preset=\u00a0\u00bbdefault\u00a0\u00bb][et_pb_text _builder_version=\u00a0\u00bb4.9.4&Prime; _module_preset=\u00a0\u00bbdefault\u00a0\u00bb]<\/p>\n<p><span>La soci\u00e9t\u00e9 a comment\u00e9 : <\/span><\/p>\n<p><em>C&rsquo;est un grand honneur pour notre Maison de s&rsquo;\u00eatre vu confier la mise en vente sans r\u00e9serve de cette collection exceptionnelle de Guyane britannique, qui est sans doute la plus compl\u00e8te que nous ayons jamais propos\u00e9e, \u00e9clipsant d\u00e9sormais la collection John E. du Pont vendue en 2014. Elle est agr\u00e9ment\u00e9e de grandes raret\u00e9s mondiales, dont des timbres de qualit\u00e9 remarquable dans les tr\u00e8s rares, et souvent fragiles, \u00e9missions primitives. Il s&rsquo;agira d&rsquo;une vente aux ench\u00e8res de ce territoire qui ne sera probablement plus \u00e9gal\u00e9e avant une g\u00e9n\u00e9ration, et d&rsquo;une occasion rare pour tout collectionneur s\u00e9rieux de Guyane britannique d&rsquo;acqu\u00e9rir du mat\u00e9riel introuvable, unique et de renomm\u00e9e mondiale. En effet, en tant que collection vendue aux ench\u00e8res, elle est comparable, en termes d&rsquo;importance et de raret\u00e9, \u00e0 notre offre de la l\u00e9gendaire collection Kanai de l&rsquo;\u00eele Maurice en 1993.<\/em><\/p>\n<p>[\/et_pb_text][\/et_pb_column][\/et_pb_row][et_pb_row column_structure=\u00a0\u00bb1_2,1_2&Prime; _builder_version=\u00a0\u00bb4.9.4&Prime; _module_preset=\u00a0\u00bbdefault\u00a0\u00bb][et_pb_column type=\u00a0\u00bb1_2&Prime; _builder_version=\u00a0\u00bb4.9.4&Prime; _module_preset=\u00a0\u00bbdefault\u00a0\u00bb][et_pb_image src=\u00a0\u00bbhttps:\/\/www.davidfeldman.com\/wp-content\/uploads\/2021\/07\/paleYellowOnPalurePaper_web-1.png\u00a0\u00bb title_text=\u00a0\u00bbpaleYellowOnPalurePaper_web\u00a0\u00bb _builder_version=\u00a0\u00bb4.9.4&Prime; _module_preset=\u00a0\u00bbdefault\u00a0\u00bb][\/et_pb_image][et_pb_text _builder_version=\u00a0\u00bb4.9.4&Prime; _module_preset=\u00a0\u00bbdefault\u00a0\u00bb min_height=\u00a0\u00bb52px\u00a0\u00bb]<\/p>\n<p style=\"text-align: center;\">Coton Reel 8c papier pelure, la plus belle de toutes les enveloppes de cette \u00e9mission, ex Dale-Lichtenstein, Burrus, du Pont<\/p>\n<p>[\/et_pb_text][\/et_pb_column][et_pb_column type=\u00a0\u00bb1_2&Prime; _builder_version=\u00a0\u00bb4.9.4&Prime; _module_preset=\u00a0\u00bbdefault\u00a0\u00bb][et_pb_image src=\u00a0\u00bbhttps:\/\/www.davidfeldman.com\/wp-content\/uploads\/2021\/07\/4CentsOnMagenta_web-1.png\u00a0\u00bb title_text=\u00a0\u00bb4CentsOnMagenta_web\u00a0\u00bb _builder_version=\u00a0\u00bb4.9.4&Prime; _module_preset=\u00a0\u00bbdefault\u00a0\u00bb][\/et_pb_image][et_pb_text _builder_version=\u00a0\u00bb4.9.4&Prime; _module_preset=\u00a0\u00bbdefault\u00a0\u00bb]<\/p>\n<p style=\"text-align: center;\">4c provisoire sur enveloppe, ex. Ferrary, du Pont<\/p>\n<p>[\/et_pb_text][\/et_pb_column][\/et_pb_row][et_pb_row column_structure=\u00a0\u00bb1_2,1_2&Prime; _builder_version=\u00a0\u00bb4.9.4&Prime; _module_preset=\u00a0\u00bbdefault\u00a0\u00bb][et_pb_column type=\u00a0\u00bb1_2&Prime; _builder_version=\u00a0\u00bb4.9.4&Prime; _module_preset=\u00a0\u00bbdefault\u00a0\u00bb][et_pb_image src=\u00a0\u00bbhttps:\/\/www.davidfeldman.com\/wp-content\/uploads\/2021\/07\/4Cents_web.png\u00a0\u00bb title_text=\u00a0\u00bb4Cents_web\u00a0\u00bb align=\u00a0\u00bbcenter\u00a0\u00bb _builder_version=\u00a0\u00bb4.9.4&Prime; _module_preset=\u00a0\u00bbdefault\u00a0\u00bb width=\u00a0\u00bb75%\u00a0\u00bb][\/et_pb_image][et_pb_text _builder_version=\u00a0\u00bb4.9.4&Prime; _module_preset=\u00a0\u00bbdefault\u00a0\u00bb]<\/p>\n<p style=\"text-align: center;\">4c provisoire neuf, ex Ferrary, Small, du Pont<\/p>\n<p>[\/et_pb_text][\/et_pb_column][et_pb_column type=\u00a0\u00bb1_2&Prime; _builder_version=\u00a0\u00bb4.9.4&Prime; _module_preset=\u00a0\u00bbdefault\u00a0\u00bb][et_pb_image src=\u00a0\u00bbhttps:\/\/www.davidfeldman.com\/wp-content\/uploads\/2021\/07\/2Cents_web.png\u00a0\u00bb title_text=\u00a0\u00bb2Cents_web\u00a0\u00bb align=\u00a0\u00bbcenter\u00a0\u00bb _builder_version=\u00a0\u00bb4.9.4&Prime; _module_preset=\u00a0\u00bbdefault\u00a0\u00bb width=\u00a0\u00bb75%\u00a0\u00bb][\/et_pb_image][et_pb_text _builder_version=\u00a0\u00bb4.9.4&Prime; _module_preset=\u00a0\u00bbdefault\u00a0\u00bb]<\/p>\n<p style=\"text-align: center;\">Coton Reel 2c oblit\u00e9r\u00e9, un des 2 seuls exemplaires connus<\/p>\n<p style=\"text-align: center;\">Ex Ferrary, Avery, Farouk, Hind, Berlingin, du Pont<\/p>\n<p>[\/et_pb_text][\/et_pb_column][\/et_pb_row][et_pb_row _builder_version=\u00a0\u00bb4.9.4&Prime; _module_preset=\u00a0\u00bbdefault\u00a0\u00bb][et_pb_column type=\u00a0\u00bb4_4&Prime; _builder_version=\u00a0\u00bb4.9.4&Prime; _module_preset=\u00a0\u00bbdefault\u00a0\u00bb][et_pb_divider _builder_version=\u00a0\u00bb4.9.4&Prime; _module_preset=\u00a0\u00bbdefault\u00a0\u00bb][\/et_pb_divider][et_pb_text _builder_version=\u00a0\u00bb4.9.4&Prime; _module_preset=\u00a0\u00bbdefault\u00a0\u00bb min_height=\u00a0\u00bb341px\u00a0\u00bb custom_margin=\u00a0\u00bb-22px|||||\u00a0\u00bb]<\/p>\n<p><strong><span><\/span><\/strong><\/p>\n<h2>Exposition des lots<\/h2>\n<p><span><\/span><\/p>\n<p><a href=\"https:\/\/www.stampexinternational.co.uk\/\"><span><img loading=\"lazy\" decoding=\"async\" src=\"https:\/\/www.davidfeldman.com\/wp-content\/uploads\/2021\/07\/Stampex2021_logo-300x75.jpg\" width=\"300\" height=\"75\" alt=\"logo Stampex\" class=\"wp-image-34220 alignnone size-medium\" style=\"display: block; margin-left: auto; margin-right: auto;\" \/><\/span><\/a><\/p>\n<p><span>La collection sera pr\u00e9sent\u00e9e \u00e0 l&rsquo;exposition <strong>Stampex<\/strong> d&rsquo;automne \u00e0 Londres, du 29 septembre au 2 octobre 2021; elle sera ensuite expos\u00e9e \u00e0 New York avant de retourner \u00e0 Gen\u00e8ve en vue de sa vente, o\u00f9 la collection sera visible \u00e0 partir du 11 octobre.<\/span><\/p>\n<p><span>La collection \u00ab\u00a0Imperium\u00a0\u00bb de Guyane britannique est exclusivement disponible en version \u00e9lectronique sur le site du Mus\u00e9e de la philat\u00e9lie, ayant \u00e9t\u00e9 gracieusement pr\u00eat\u00e9e pour \u00eatre expos\u00e9e sur cette plateforme num\u00e9rique.  Visitez le site pour plus de d\u00e9tails : <a href=\"https:\/\/www.museumofphilately.com\/collection\/34\">https:\/\/www.museumofphilately.com\/collection\/34<\/a><\/span><\/p>\n<p>[\/et_pb_text][et_pb_text _builder_version=\u00a0\u00bb4.9.4&Prime; _module_preset=\u00a0\u00bbdefault\u00a0\u00bb]<\/p>\n<p>Cliquez ici pour acc\u00e9der \u00e0 <a href=\"https:\/\/www.davidfeldman.com\/the-imperium-collection-british-guiana\/british-guiana-press-informations\/\">la page de presse d\u00e9di\u00e9e<\/a><\/p>\n<p>.[\/et_pb_text][et_pb_button button_url=\u00a0\u00bbhttps:\/\/www.davidfeldman.com\/fr\/contactez-nous\/\u00a0\u00bb button_text=\u00a0\u00bbContactez-nous pour plus d&rsquo;informations\u00a0\u00bb button_alignment=\u00a0\u00bbcenter\u00a0\u00bb _builder_version=\u00a0\u00bb4.9.4&Prime; _module_preset=\u00a0\u00bbdefault\u00a0\u00bb][\/et_pb_button][\/et_pb_column][\/et_pb_row][\/et_pb_section]<\/p>\n","protected":false},"excerpt":{"rendered":"<p>Vente aux ench\u00e8res de la fantastique collection \u00ab\u00a0Imperium\u00a0\u00bb de Guyane britannique 14 octobre 2021 \u00e0 15h CESTCette vente est une occasion unique d&rsquo;acqu\u00e9rir des pi\u00e8ces de l&rsquo;une des collections les plus importantes et les plus compl\u00e8tes jamais constitu\u00e9es de cette c\u00e9l\u00e8bre colonie britannique. La Guyane britannique a longtemps eu le statut de l\u00e9gende philat\u00e9lique, comme [&hellip;]<\/p>\n","protected":false},"author":4,"featured_media":0,"parent":0,"menu_order":0,"comment_status":"closed","ping_status":"closed","template":"","meta":{"_acf_changed":false,"_et_pb_use_builder":"on","_et_pb_old_content":"","_et_gb_content_width":"","_uf_show_specific_survey":0,"_uf_disable_surveys":false,"footnotes":""},"class_list":["post-34440","page","type-page","status-publish","hentry"],"acf":[],"yoast_head":"<!-- This site is optimized with the Yoast SEO Premium plugin v27.5 (Yoast SEO v27.5) - https:\/\/yoast.com\/product\/yoast-seo-premium-wordpress\/ -->\n<title>Guyane britannique - La collection &quot;Imperium&quot; - David Feldman<\/title>\n<meta name=\"robots\" content=\"index, follow, max-snippet:-1, max-image-preview:large, max-video-preview:-1\" \/>\n<link rel=\"canonical\" href=\"https:\/\/www.davidfeldman.com\/fr\/guyane-britannique-la-collection-imperium\/\" \/>\n<script type=\"application\/ld+json\" class=\"yoast-schema-graph\">{\"@context\":\"https:\\\/\\\/schema.org\",\"@graph\":[{\"@type\":\"WebPage\",\"@id\":\"https:\\\/\\\/www.davidfeldman.com\\\/fr\\\/guyane-britannique-la-collection-imperium\\\/\",\"url\":\"https:\\\/\\\/www.davidfeldman.com\\\/fr\\\/guyane-britannique-la-collection-imperium\\\/\",\"name\":\"Guyane britannique - La collection \\\"Imperium\\\" - David Feldman\",\"isPartOf\":{\"@id\":\"https:\\\/\\\/www.davidfeldman.com\\\/fr\\\/#website\"},\"primaryImageOfPage\":{\"@id\":\"https:\\\/\\\/www.davidfeldman.com\\\/fr\\\/guyane-britannique-la-collection-imperium\\\/#primaryimage\"},\"image\":{\"@id\":\"https:\\\/\\\/www.davidfeldman.com\\\/fr\\\/guyane-britannique-la-collection-imperium\\\/#primaryimage\"},\"thumbnailUrl\":\"https:\\\/\\\/www.davidfeldman.com\\\/wp-content\\\/uploads\\\/2021\\\/07\\\/Stampex2021_logo-300x75.jpg\",\"datePublished\":\"2021-07-16T13:22:56+00:00\",\"dateModified\":\"2021-10-04T13:36:06+00:00\",\"breadcrumb\":{\"@id\":\"https:\\\/\\\/www.davidfeldman.com\\\/fr\\\/guyane-britannique-la-collection-imperium\\\/#breadcrumb\"},\"inLanguage\":\"fr-FR\",\"potentialAction\":[{\"@type\":\"ReadAction\",\"target\":[\"https:\\\/\\\/www.davidfeldman.com\\\/fr\\\/guyane-britannique-la-collection-imperium\\\/\"]}]},{\"@type\":\"ImageObject\",\"inLanguage\":\"fr-FR\",\"@id\":\"https:\\\/\\\/www.davidfeldman.com\\\/fr\\\/guyane-britannique-la-collection-imperium\\\/#primaryimage\",\"url\":\"https:\\\/\\\/www.davidfeldman.com\\\/wp-content\\\/uploads\\\/2021\\\/07\\\/Stampex2021_logo-300x75.jpg\",\"contentUrl\":\"https:\\\/\\\/www.davidfeldman.com\\\/wp-content\\\/uploads\\\/2021\\\/07\\\/Stampex2021_logo-300x75.jpg\"},{\"@type\":\"BreadcrumbList\",\"@id\":\"https:\\\/\\\/www.davidfeldman.com\\\/fr\\\/guyane-britannique-la-collection-imperium\\\/#breadcrumb\",\"itemListElement\":[{\"@type\":\"ListItem\",\"position\":1,\"name\":\"Accueil\",\"item\":\"https:\\\/\\\/www.davidfeldman.com\\\/fr\\\/\"},{\"@type\":\"ListItem\",\"position\":2,\"name\":\"Guyane britannique &#8211; La collection &#8220;Imperium&#8221;\"}]},{\"@type\":\"WebSite\",\"@id\":\"https:\\\/\\\/www.davidfeldman.com\\\/fr\\\/#website\",\"url\":\"https:\\\/\\\/www.davidfeldman.com\\\/fr\\\/\",\"name\":\"David Feldman International Auctioneers\",\"description\":\"Ventes aux ench\u00e8res de timbres\",\"publisher\":{\"@id\":\"https:\\\/\\\/www.davidfeldman.com\\\/fr\\\/#organization\"},\"potentialAction\":[{\"@type\":\"SearchAction\",\"target\":{\"@type\":\"EntryPoint\",\"urlTemplate\":\"https:\\\/\\\/www.davidfeldman.com\\\/fr\\\/?s={search_term_string}\"},\"query-input\":{\"@type\":\"PropertyValueSpecification\",\"valueRequired\":true,\"valueName\":\"search_term_string\"}}],\"inLanguage\":\"fr-FR\"},{\"@type\":\"Organization\",\"@id\":\"https:\\\/\\\/www.davidfeldman.com\\\/fr\\\/#organization\",\"name\":\"David Feldman SA\",\"url\":\"https:\\\/\\\/www.davidfeldman.com\\\/fr\\\/\",\"logo\":{\"@type\":\"ImageObject\",\"inLanguage\":\"fr-FR\",\"@id\":\"https:\\\/\\\/www.davidfeldman.com\\\/fr\\\/#\\\/schema\\\/logo\\\/image\\\/\",\"url\":\"https:\\\/\\\/3.248.28.76\\\/wp-content\\\/uploads\\\/2018\\\/08\\\/header_df_logo.jpg\",\"contentUrl\":\"https:\\\/\\\/3.248.28.76\\\/wp-content\\\/uploads\\\/2018\\\/08\\\/header_df_logo.jpg\",\"width\":326,\"height\":55,\"caption\":\"David Feldman SA\"},\"image\":{\"@id\":\"https:\\\/\\\/www.davidfeldman.com\\\/fr\\\/#\\\/schema\\\/logo\\\/image\\\/\"},\"sameAs\":[\"https:\\\/\\\/www.facebook.com\\\/davidfeldmansa\\\/\",\"https:\\\/\\\/www.youtube.com\\\/user\\\/DavidFeldmanSA\",\"https:\\\/\\\/www.instagram.com\\\/davidfeldman_sa\\\/\"]}]}<\/script>\n<!-- \/ Yoast SEO Premium plugin. -->","yoast_head_json":{"title":"Guyane britannique - La collection \"Imperium\" - David Feldman","robots":{"index":"index","follow":"follow","max-snippet":"max-snippet:-1","max-image-preview":"max-image-preview:large","max-video-preview":"max-video-preview:-1"},"canonical":"https:\/\/www.davidfeldman.com\/fr\/guyane-britannique-la-collection-imperium\/","schema":{"@context":"https:\/\/schema.org","@graph":[{"@type":"WebPage","@id":"https:\/\/www.davidfeldman.com\/fr\/guyane-britannique-la-collection-imperium\/","url":"https:\/\/www.davidfeldman.com\/fr\/guyane-britannique-la-collection-imperium\/","name":"Guyane britannique - La collection \"Imperium\" - David Feldman","isPartOf":{"@id":"https:\/\/www.davidfeldman.com\/fr\/#website"},"primaryImageOfPage":{"@id":"https:\/\/www.davidfeldman.com\/fr\/guyane-britannique-la-collection-imperium\/#primaryimage"},"image":{"@id":"https:\/\/www.davidfeldman.com\/fr\/guyane-britannique-la-collection-imperium\/#primaryimage"},"thumbnailUrl":"https:\/\/www.davidfeldman.com\/wp-content\/uploads\/2021\/07\/Stampex2021_logo-300x75.jpg","datePublished":"2021-07-16T13:22:56+00:00","dateModified":"2021-10-04T13:36:06+00:00","breadcrumb":{"@id":"https:\/\/www.davidfeldman.com\/fr\/guyane-britannique-la-collection-imperium\/#breadcrumb"},"inLanguage":"fr-FR","potentialAction":[{"@type":"ReadAction","target":["https:\/\/www.davidfeldman.com\/fr\/guyane-britannique-la-collection-imperium\/"]}]},{"@type":"ImageObject","inLanguage":"fr-FR","@id":"https:\/\/www.davidfeldman.com\/fr\/guyane-britannique-la-collection-imperium\/#primaryimage","url":"https:\/\/www.davidfeldman.com\/wp-content\/uploads\/2021\/07\/Stampex2021_logo-300x75.jpg","contentUrl":"https:\/\/www.davidfeldman.com\/wp-content\/uploads\/2021\/07\/Stampex2021_logo-300x75.jpg"},{"@type":"BreadcrumbList","@id":"https:\/\/www.davidfeldman.com\/fr\/guyane-britannique-la-collection-imperium\/#breadcrumb","itemListElement":[{"@type":"ListItem","position":1,"name":"Accueil","item":"https:\/\/www.davidfeldman.com\/fr\/"},{"@type":"ListItem","position":2,"name":"Guyane britannique &#8211; La collection &#8220;Imperium&#8221;"}]},{"@type":"WebSite","@id":"https:\/\/www.davidfeldman.com\/fr\/#website","url":"https:\/\/www.davidfeldman.com\/fr\/","name":"David Feldman International Auctioneers","description":"Ventes aux ench\u00e8res de timbres","publisher":{"@id":"https:\/\/www.davidfeldman.com\/fr\/#organization"},"potentialAction":[{"@type":"SearchAction","target":{"@type":"EntryPoint","urlTemplate":"https:\/\/www.davidfeldman.com\/fr\/?s={search_term_string}"},"query-input":{"@type":"PropertyValueSpecification","valueRequired":true,"valueName":"search_term_string"}}],"inLanguage":"fr-FR"},{"@type":"Organization","@id":"https:\/\/www.davidfeldman.com\/fr\/#organization","name":"David Feldman SA","url":"https:\/\/www.davidfeldman.com\/fr\/","logo":{"@type":"ImageObject","inLanguage":"fr-FR","@id":"https:\/\/www.davidfeldman.com\/fr\/#\/schema\/logo\/image\/","url":"https:\/\/3.248.28.76\/wp-content\/uploads\/2018\/08\/header_df_logo.jpg","contentUrl":"https:\/\/3.248.28.76\/wp-content\/uploads\/2018\/08\/header_df_logo.jpg","width":326,"height":55,"caption":"David Feldman SA"},"image":{"@id":"https:\/\/www.davidfeldman.com\/fr\/#\/schema\/logo\/image\/"},"sameAs":["https:\/\/www.facebook.com\/davidfeldmansa\/","https:\/\/www.youtube.com\/user\/DavidFeldmanSA","https:\/\/www.instagram.com\/davidfeldman_sa\/"]}]}},"_links":{"self":[{"href":"https:\/\/www.davidfeldman.com\/fr\/wp-json\/wp\/v2\/pages\/34440","targetHints":{"allow":["GET"]}}],"collection":[{"href":"https:\/\/www.davidfeldman.com\/fr\/wp-json\/wp\/v2\/pages"}],"about":[{"href":"https:\/\/www.davidfeldman.com\/fr\/wp-json\/wp\/v2\/types\/page"}],"author":[{"embeddable":true,"href":"https:\/\/www.davidfeldman.com\/fr\/wp-json\/wp\/v2\/users\/4"}],"replies":[{"embeddable":true,"href":"https:\/\/www.davidfeldman.com\/fr\/wp-json\/wp\/v2\/comments?post=34440"}],"version-history":[{"count":10,"href":"https:\/\/www.davidfeldman.com\/fr\/wp-json\/wp\/v2\/pages\/34440\/revisions"}],"predecessor-version":[{"id":35047,"href":"https:\/\/www.davidfeldman.com\/fr\/wp-json\/wp\/v2\/pages\/34440\/revisions\/35047"}],"wp:attachment":[{"href":"https:\/\/www.davidfeldman.com\/fr\/wp-json\/wp\/v2\/media?parent=34440"}],"curies":[{"name":"wp","href":"https:\/\/api.w.org\/{rel}","templated":true}]}}