{"id":3154,"date":"2011-08-24T11:22:49","date_gmt":"2011-08-24T09:22:49","guid":{"rendered":"https:\/\/www.davidfeldman.com\/?page_id=3154"},"modified":"2018-10-02T15:46:03","modified_gmt":"2018-10-02T13:46:03","slug":"historique","status":"publish","type":"page","link":"https:\/\/www.davidfeldman.com\/fr\/a-propos\/historique\/","title":{"rendered":"Historique"},"content":{"rendered":"\n<ul class=\"timeline\"><li class=\"\"><div class=\"tl-circ\"><\/div><div class=\"timeline-panel\"><div class=\"tl-heading\"><h4><i class=\"fa fa-child\"><\/i> David Feldman\u00a0commence \u00e0 \u00e9changer des timbres \u00e0 l\u2019\u00e2ge de 8 ans avec les autres enfants de son \u00e9cole en 1955\u00a0dans son pays natal, l\u2019Irlande.<\/h4><p><small class=\"text-muted\"><i class=\"glyphicon glyphicon-time\"><\/i> 1955<\/small><\/p><\/div><div class=\"tl-body\"><\/div><\/div><\/li>\n<li class=\"timeline-inverted\"><div class=\"tl-circ\"><\/div><div class=\"timeline-panel\"><div class=\"tl-heading\"><h4><i class=\"fa fa-gift\"><\/i> Le club Shamrock Stamp &#8211; vente de timbres \u00e0 l&rsquo;\u00e2ge de 10 ans.<\/h4><p><small class=\"text-muted\"><i class=\"glyphicon glyphicon-time\"><\/i> 1958<\/small><\/p><\/div><div class=\"tl-body\"><div class=\"feldman-timeline-media\"><img decoding=\"async\" class=\"img-responsive center-block\" style=\"max-height:300px;\" src=\"https:\/\/www.davidfeldman.com\/wp-content\/uploads\/2014\/07\/1958_shamrock.png\" \/><\/div><\/div><\/div><\/li>\n<li class=\"\"><div class=\"tl-circ\"><\/div><div class=\"timeline-panel\"><div class=\"tl-heading\"><h4><i class=\"fa fa-university\"><\/i> David Feldman Ltd \u00e0 Dublin.<\/h4><p><small class=\"text-muted\"><i class=\"glyphicon glyphicon-time\"><\/i> 1966<\/small><\/p><\/div><div class=\"tl-body\"><div class=\"feldman-timeline-media\"><img decoding=\"async\" class=\"img-responsive center-block\" style=\"max-height:300px;\" src=\"https:\/\/www.davidfeldman.com\/wp-content\/uploads\/2014\/07\/leinster_road_building_dublin.png\" \/><\/div><\/div><\/div><\/li>\n<li class=\"timeline-inverted\"><div class=\"tl-circ\"><\/div><div class=\"timeline-panel\"><div class=\"tl-heading\"><h4><i class=\"fa fa-university\"><\/i> Completed writing and publishing the best-selling \u201cHandbook of Irish Philately\u201d.<\/h4><p><small class=\"text-muted\"><i class=\"glyphicon glyphicon-time\"><\/i> 1968<\/small><\/p><\/div><div class=\"tl-body\"><div class=\"feldman-timeline-media\"><img decoding=\"async\" class=\"img-responsive center-block\" style=\"max-height:300px;\" src=\"https:\/\/www.davidfeldman.com\/wp-content\/uploads\/2011\/04\/handbook-e1404738492722.jpg\" \/><\/div><\/div><\/div><\/li>\n<li class=\"\"><div class=\"tl-circ\"><\/div><div class=\"timeline-panel\"><div class=\"tl-heading\"><h4><i class=\"fa fa-legal\"><\/i> Premi\u00e8re vente aux ench\u00e8res par David Feldman \u00e0 Dublin.<\/h4><p><small class=\"text-muted\"><i class=\"glyphicon glyphicon-time\"><\/i> 1967<\/small><\/p><\/div><div class=\"tl-body\"><div class=\"feldman-timeline-media\"><img decoding=\"async\" class=\"img-responsive center-block\" style=\"max-height:300px;\" src=\"https:\/\/www.davidfeldman.com\/wp-content\/uploads\/2014\/07\/20140703095006523_0001-e1404738431403.jpg\" \/><\/div><\/div><\/div><\/li>\n<li class=\"timeline-inverted\"><div class=\"tl-circ\"><\/div><div class=\"timeline-panel\"><div class=\"tl-heading\"><h4><i class=\"fa fa-image\"><\/i> Premier STAMPA &#8211; Salon national irlandais du timbre, David Feldman avec le ministre des postes et sa femme.<\/h4><p><small class=\"text-muted\"><i class=\"glyphicon glyphicon-time\"><\/i> 1972<\/small><\/p><\/div><div class=\"tl-body\"><div class=\"feldman-timeline-media\"><img decoding=\"async\" class=\"img-responsive center-block\" style=\"max-height:300px;\" src=\"https:\/\/www.davidfeldman.com\/wp-content\/uploads\/2014\/07\/first_stampa.png\" \/><\/div><\/div><\/div><\/li>\n<li class=\"\"><div class=\"tl-circ\"><\/div><div class=\"timeline-panel\"><div class=\"tl-heading\"><h4><i class=\"fa fa-book\"><\/i> Premier article de presse national d&rsquo;un journaliste visitant l&rsquo;exposition de David \u00e0 l&rsquo;h\u00f4tel Jury<\/h4><p><small class=\"text-muted\"><i class=\"glyphicon glyphicon-time\"><\/i> 1970<\/small><\/p><\/div><div class=\"tl-body\"><div class=\"feldman-timeline-media\"><img decoding=\"async\" class=\"img-responsive center-block\" style=\"max-height:300px;\" src=\"https:\/\/www.davidfeldman.com\/wp-content\/uploads\/2014\/07\/article.png\" \/><\/div><\/div><\/div><\/li>\n<li class=\"timeline-inverted\"><div class=\"tl-circ\"><\/div><div class=\"timeline-panel\"><div class=\"tl-heading\"><h4><i class=\"fa fa-home\"><\/i> A travers ses voyages, David Feldman d\u00e9couvre le monde pendant quelques ann\u00e9es, et finalement s&rsquo;installe \u00e0 Gen\u00e8ve, en Suisse en 1973.<\/h4><p><small class=\"text-muted\"><i class=\"glyphicon glyphicon-time\"><\/i> 1973<\/small><\/p><\/div><div class=\"tl-body\"><div class=\"feldman-timeline-media\"><img decoding=\"async\" class=\"img-responsive center-block\" style=\"max-height:300px;\" src=\"https:\/\/www.davidfeldman.com\/wp-content\/uploads\/2014\/07\/feldman_galleries_construction.png\" \/><\/div><\/div><\/div><\/li>\n<li class=\"\"><div class=\"tl-circ\"><\/div><div class=\"timeline-panel\"><div class=\"tl-heading\"><h4><i class=\"fa fa-info\"><\/i> David devient membre de comit\u00e9 philat\u00e9lique du minist\u00e8re des postes et t\u00e9l\u00e9graphes d&rsquo;Irlande.<\/h4><p><small class=\"text-muted\"><i class=\"glyphicon glyphicon-time\"><\/i> 1975<\/small><\/p><\/div><div class=\"tl-body\"><\/div><\/div><\/li>\n<li class=\"timeline-inverted\"><div class=\"tl-circ\"><\/div><div class=\"timeline-panel\"><div class=\"tl-heading\"><h4><i class=\"fa fa-legal\"><\/i> David tient sa 1\u00e8re vente aux ench\u00e8res en Suisse.<\/h4><p><small class=\"text-muted\"><i class=\"glyphicon glyphicon-time\"><\/i> 1976<\/small><\/p><\/div><div class=\"tl-body\"><div class=\"feldman-timeline-media\"><img decoding=\"async\" class=\"img-responsive center-block\" style=\"max-height:300px;\" src=\"https:\/\/www.davidfeldman.com\/wp-content\/uploads\/2014\/07\/david_first_auction_switzerland.png\" \/><\/div><\/div><\/div><\/li>\n<li class=\"\"><div class=\"tl-circ\"><\/div><div class=\"timeline-panel\"><div class=\"tl-heading\"><h4><i class=\"fa fa-book\"><\/i> Il ajoute son livre \u00ab\u00a0L&rsquo;histoire postale de l&rsquo;Irlande\u00a0\u00bb \u00e0 ses r\u00e9alisations et d\u00e9veloppe une activit\u00e9 lucrative de philat\u00e9lie irlandaise.<\/h4><p><small class=\"text-muted\"><i class=\"glyphicon glyphicon-time\"><\/i> 1975<\/small><\/p><\/div><div class=\"tl-body\"><div class=\"feldman-timeline-media\"><img decoding=\"async\" class=\"img-responsive center-block\" style=\"max-height:300px;\" src=\"https:\/\/www.davidfeldman.com\/wp-content\/uploads\/2014\/07\/20140707150208318-e1404738780933.png\" \/><\/div><\/div><\/div><\/li>\n<li class=\"timeline-inverted\"><div class=\"tl-circ\"><\/div><div class=\"timeline-panel\"><div class=\"tl-heading\"><h4><i class=\"fa fa-building\"><\/i> David Feldman SA d\u00e9m\u00e9nage dans les nouveaux locaux \u00e0 Gen\u00e8ve 175 Rte de Chancy, Onex.<\/h4><p><small class=\"text-muted\"><i class=\"glyphicon glyphicon-time\"><\/i> 1980<\/small><\/p><\/div><div class=\"tl-body\"><div class=\"feldman-timeline-media\"><img decoding=\"async\" class=\"img-responsive center-block\" style=\"max-height:300px;\" src=\"https:\/\/www.davidfeldman.com\/wp-content\/uploads\/2014\/07\/feldman_galleries_construction.png\" \/><\/div><\/div><\/div><\/li>\n<li class=\"\"><div class=\"tl-circ\"><\/div><div class=\"timeline-panel\"><div class=\"tl-heading\"><h4><i class=\"fa fa-trophy\"><\/i> La plus importante pi\u00e8ce philat\u00e9lique, la c\u00e9l\u00e8bre enveloppe de \u201cBordeaux\u201d de l&rsquo;ile Maurice .<\/h4><p><small class=\"text-muted\"><i class=\"glyphicon glyphicon-time\"><\/i> 1993<\/small><\/p><\/div><div class=\"tl-body\"><div class=\"feldman-timeline-media\"><img decoding=\"async\" class=\"img-responsive center-block\" style=\"max-height:300px;\" src=\"https:\/\/www.davidfeldman.com\/wp-content\/uploads\/slides\/2014\/05\/SlidePT_BG_1399454677.png\" \/><\/div><div class=\"red feldman-timeline-price\">CHF 6,123,750<\/div><\/div><\/div><\/li>\n<li class=\"timeline-inverted\"><div class=\"tl-circ\"><\/div><div class=\"timeline-panel\"><div class=\"tl-heading\"><h4><i class=\"fa fa-trophy\"><\/i> Plus haut prix jamais atteint pour un timbre \u00e0 l&rsquo;\u00e8poque, le \u201cTreskilling Yellow\u201dde Su\u00e8de avec erreur de couleur.<\/h4><p><small class=\"text-muted\"><i class=\"glyphicon glyphicon-time\"><\/i> 1996<\/small><\/p><\/div><div class=\"tl-body\"><div class=\"feldman-timeline-media\"><img decoding=\"async\" class=\"img-responsive center-block\" style=\"max-height:300px;\" src=\"https:\/\/www.davidfeldman.com\/wp-content\/uploads\/slides\/2014\/05\/SlideWR_Sweden_1399528604.png\" \/><\/div><div class=\"red feldman-timeline-price\">CHF 2\u2019875\u2019000<\/div><\/div><\/div><\/li>\n<li class=\"\"><div class=\"tl-circ\"><\/div><div class=\"timeline-panel\"><div class=\"tl-heading\"><h4><i class=\"fa fa-info\"><\/i> David signe le RDP(I), Roll of Distinguished Philatelists of Ireland.<\/h4><p><small class=\"text-muted\"><i class=\"glyphicon glyphicon-time\"><\/i> 1997<\/small><\/p><\/div><div class=\"tl-body\"><div class=\"feldman-timeline-media\"><img decoding=\"async\" class=\"img-responsive center-block\" style=\"max-height:300px;\" src=\"https:\/\/www.davidfeldman.com\/wp-content\/uploads\/2014\/07\/rdp.png\" \/><\/div><\/div><\/div><\/li>\n<li class=\"timeline-inverted\"><div class=\"tl-circ\"><\/div><div class=\"timeline-panel\"><div class=\"tl-heading\"><h4><i class=\"fa fa-legal\"><\/i> En 2000, David Feldman S.A devient la 1\u00e8re maison de vente permettant \u00e0 ses ench\u00e9risseurs de miser en ligne et en direct sur une plateforme rapide et s\u00e9curis\u00e9e.<\/h4><p><small class=\"text-muted\"><i class=\"glyphicon glyphicon-time\"><\/i> 2000<\/small><\/p><\/div><div class=\"tl-body\"><div class=\"feldman-timeline-media\"><img decoding=\"async\" class=\"img-responsive center-block\" style=\"max-height:300px;\" src=\"https:\/\/www.davidfeldman.com\/wp-content\/uploads\/2014\/07\/onlinebidding_old_advert.png\" \/><\/div><\/div><\/div><\/li>\n<li class=\"\"><div class=\"tl-circ\"><\/div><div class=\"timeline-panel\"><div class=\"tl-heading\"><h4><i class=\"fa fa-trophy\"><\/i> L&rsquo;enveloppe \u00ab\u00a0Ball Invitation\u00a0\u00bb, l&rsquo;une des pi\u00e8ces philat\u00e9liques des plus importantes.<\/h4><p><small class=\"text-muted\"><i class=\"glyphicon glyphicon-time\"><\/i> 2003<\/small><\/p><\/div><div class=\"tl-body\"><div class=\"feldman-timeline-media\"><div class=\"embed-responsive embed-responsive-16by9\"><iframe class=\"embed-responsive-item\" src=\"\/\/www.youtube.com\/embed\/OWjk8nCtnw0\" allowfullscreen><\/iframe><\/div><\/div><div class=\"red feldman-timeline-price\">Plus de US$ 4 millions<\/div><\/div><\/div><\/li>\n<li class=\"timeline-inverted\"><div class=\"tl-circ\"><\/div><div class=\"timeline-panel\"><div class=\"tl-heading\"><h4><i class=\"fa fa-book\"><\/i> David Feldman lance une s\u00e9rie d&rsquo;ouvrage haut de gamme \u00ab\u00a0Great Philatelic Collections\u00a0\u00bb. Les collectionneurs de renoms tels que \u00a0Hiroyuki Kanai, Samir Fikry, Jussi Tuori, Joseph Hackmey, Anatoly Karpov et Raymond Casey ont d&rsquo;ailleurs d\u00e9j\u00e0 publi\u00e9 leur collection.<\/h4><p><small class=\"text-muted\"><i class=\"glyphicon glyphicon-time\"><\/i> 2009<\/small><\/p><\/div><div class=\"tl-body\"><div class=\"feldman-timeline-media\"><img decoding=\"async\" class=\"img-responsive center-block\" style=\"max-height:300px;\" src=\"https:\/\/www.davidfeldman.com\/wp-content\/uploads\/2014\/07\/gcp_egypt.jpg\" \/><\/div><\/div><\/div><\/li>\n<li class=\"\"><div class=\"tl-circ\"><\/div><div class=\"timeline-panel\"><div class=\"tl-heading\"><h4><i class=\"fa fa-globe\"><\/i> David Feldman ouvre son 1er bureau \u00e0 l&rsquo;international, \u00e0 New York.<\/h4><p><small class=\"text-muted\"><i class=\"glyphicon glyphicon-time\"><\/i> 2009<\/small><\/p><\/div><div class=\"tl-body\"><div class=\"feldman-timeline-media\"><img decoding=\"async\" class=\"img-responsive center-block\" style=\"max-height:300px;\" src=\"https:\/\/www.davidfeldman.com\/wp-content\/uploads\/2014\/07\/dfny.png\" \/><\/div><\/div><\/div><\/li>\n<li class=\"timeline-inverted\"><div class=\"tl-circ\"><\/div><div class=\"timeline-panel\"><div class=\"tl-heading\"><h4><i class=\"fa fa-globe\"><\/i> En mars 2011, David Feldman continue son expansion en ouvrant un bureau en Asie, \u00e0 Hong Kong.<\/h4><p><small class=\"text-muted\"><i class=\"glyphicon glyphicon-time\"><\/i> 2011<\/small><\/p><\/div><div class=\"tl-body\"><\/div><\/div><\/li>\n<li class=\"\"><div class=\"tl-circ\"><\/div><div class=\"timeline-panel\"><div class=\"tl-heading\"><h4><i class=\"fa fa-trophy\"><\/i> Collection d&rsquo;exposition des Etats-Unis de Joseph Hackmey, \u00e9missions classiques sur enveloppe. Vendue de gr\u00e9 \u00e0 gr\u00e9 pour prix non publi\u00e9 sup\u00e9rieur \u00e0 US$ 10,000,000<\/h4><p><small class=\"text-muted\"><i class=\"glyphicon glyphicon-time\"><\/i> 2010<\/small><\/p><\/div><div class=\"tl-body\"><div class=\"feldman-timeline-media\"><img decoding=\"async\" class=\"img-responsive center-block\" style=\"max-height:300px;\" src=\"https:\/\/www.davidfeldman.com\/wp-content\/uploads\/slides\/2014\/05\/Slide_WR_US_1400483184.png\" \/><\/div><div class=\"red feldman-timeline-price\">Plus de US$ 10,000,000<\/div><\/div><\/div><\/li>\n<li class=\"timeline-inverted\"><div class=\"tl-circ\"><\/div><div class=\"timeline-panel\"><div class=\"tl-heading\"><h4><i class=\"fa fa-trophy\"><\/i> Suite \u00e0 la vente du c\u00e9l\u00e8bre timbre One Cent Magenta le 17 juin \u00e0 New York par Sotheby\u2019s pour un prix record de USD 9.5 Million, la vente aux ench\u00e8res de la collection de Guyane britannique de John E. du Pont \u00e0 Gen\u00e8ve a eu un succ\u00e8s incroyable.<\/h4><p><small class=\"text-muted\"><i class=\"glyphicon glyphicon-time\"><\/i> 2014<\/small><\/p><\/div><div class=\"tl-body\"><div class=\"red feldman-timeline-price\">Plus de EUR 6,000,000<\/div><\/div><\/div><\/li>\n<li class=\"\"><div class=\"tl-circ\"><\/div><div class=\"timeline-panel\"><div class=\"tl-heading\"><h4><i class=\"fa fa-trophy\"><\/i> Bureaux de poste russe en Chine <\/h4><p><small class=\"text-muted\"><i class=\"glyphicon glyphicon-time\"><\/i> 2012<\/small><\/p><\/div><div class=\"tl-body\"><div class=\"red feldman-timeline-price\">Plus de EUR 3,000,000<\/div><\/div><\/div><\/li>\n<li class=\"timeline-inverted\"><div class=\"tl-circ\"><\/div><div class=\"timeline-panel\"><div class=\"tl-heading\"><h4> Depuis pr\u00e8s de 50 ans maintenant, en capitalisant sur nos forces et nos talents, nous esp\u00e9rons continuer encore sur cette voie, ensemble avec nos clients!<\/h4><p><small class=\"text-muted\"><i class=\"glyphicon glyphicon-time\"><\/i> <\/small><\/p><\/div><div class=\"tl-body\"><\/div><\/div><\/li><\/ul>\n<div style=\"clear:both;float:none;\"><\/div>\n","protected":false},"excerpt":{"rendered":"<p>\n<ul class=\"timeline\"><\/ul>\n<div style=\"clear:both;float:none;\"><\/div>    <\/p>\n","protected":false},"author":4,"featured_media":0,"parent":952,"menu_order":0,"comment_status":"closed","ping_status":"open","template":"","meta":{"_acf_changed":false,"_et_pb_use_builder":"on","_et_pb_old_content":"","_et_gb_content_width":"","_uf_show_specific_survey":0,"_uf_disable_surveys":false,"footnotes":""},"class_list":["post-3154","page","type-page","status-publish","hentry"],"acf":[],"yoast_head":"<!-- This site is optimized with the Yoast SEO Premium plugin v27.5 (Yoast SEO v27.5) - https:\/\/yoast.com\/product\/yoast-seo-premium-wordpress\/ -->\n<title>L&#039;Histoire de David Feldman SA de 1955 \u00e0 aujourd&#039;hui<\/title>\n<meta name=\"description\" content=\"D\u00e9couvrez l&#039;histoire de la soci\u00e9t\u00e9 David Feldman SA, depuis la cr\u00e9ation \u00e0 nos jours: les grandes ventes, les d\u00e9veloppements, les records mondiaux...\" \/>\n<meta name=\"robots\" content=\"index, follow, max-snippet:-1, max-image-preview:large, max-video-preview:-1\" \/>\n<link rel=\"canonical\" href=\"https:\/\/www.davidfeldman.com\/fr\/a-propos\/historique\/\" \/>\n<script type=\"application\/ld+json\" class=\"yoast-schema-graph\">{\"@context\":\"https:\\\/\\\/schema.org\",\"@graph\":[{\"@type\":\"WebPage\",\"@id\":\"https:\\\/\\\/www.davidfeldman.com\\\/fr\\\/a-propos\\\/historique\\\/\",\"url\":\"https:\\\/\\\/www.davidfeldman.com\\\/fr\\\/a-propos\\\/historique\\\/\",\"name\":\"L'Histoire de David Feldman SA de 1955 \u00e0 aujourd'hui\",\"isPartOf\":{\"@id\":\"https:\\\/\\\/www.davidfeldman.com\\\/fr\\\/#website\"},\"datePublished\":\"2011-08-24T09:22:49+00:00\",\"dateModified\":\"2018-10-02T13:46:03+00:00\",\"description\":\"D\u00e9couvrez l'histoire de la soci\u00e9t\u00e9 David Feldman SA, depuis la cr\u00e9ation \u00e0 nos jours: les grandes ventes, les d\u00e9veloppements, les records mondiaux...\",\"breadcrumb\":{\"@id\":\"https:\\\/\\\/www.davidfeldman.com\\\/fr\\\/a-propos\\\/historique\\\/#breadcrumb\"},\"inLanguage\":\"fr-FR\",\"potentialAction\":[{\"@type\":\"ReadAction\",\"target\":[\"https:\\\/\\\/www.davidfeldman.com\\\/fr\\\/a-propos\\\/historique\\\/\"]}]},{\"@type\":\"BreadcrumbList\",\"@id\":\"https:\\\/\\\/www.davidfeldman.com\\\/fr\\\/a-propos\\\/historique\\\/#breadcrumb\",\"itemListElement\":[{\"@type\":\"ListItem\",\"position\":1,\"name\":\"Accueil\",\"item\":\"https:\\\/\\\/www.davidfeldman.com\\\/fr\\\/\"},{\"@type\":\"ListItem\",\"position\":2,\"name\":\"La soci\u00e9t\u00e9\",\"item\":\"https:\\\/\\\/www.davidfeldman.com\\\/fr\\\/a-propos\\\/\"},{\"@type\":\"ListItem\",\"position\":3,\"name\":\"Historique\"}]},{\"@type\":\"WebSite\",\"@id\":\"https:\\\/\\\/www.davidfeldman.com\\\/fr\\\/#website\",\"url\":\"https:\\\/\\\/www.davidfeldman.com\\\/fr\\\/\",\"name\":\"David Feldman International Auctioneers\",\"description\":\"Ventes aux ench\u00e8res de timbres\",\"publisher\":{\"@id\":\"https:\\\/\\\/www.davidfeldman.com\\\/fr\\\/#organization\"},\"potentialAction\":[{\"@type\":\"SearchAction\",\"target\":{\"@type\":\"EntryPoint\",\"urlTemplate\":\"https:\\\/\\\/www.davidfeldman.com\\\/fr\\\/?s={search_term_string}\"},\"query-input\":{\"@type\":\"PropertyValueSpecification\",\"valueRequired\":true,\"valueName\":\"search_term_string\"}}],\"inLanguage\":\"fr-FR\"},{\"@type\":\"Organization\",\"@id\":\"https:\\\/\\\/www.davidfeldman.com\\\/fr\\\/#organization\",\"name\":\"David Feldman SA\",\"url\":\"https:\\\/\\\/www.davidfeldman.com\\\/fr\\\/\",\"logo\":{\"@type\":\"ImageObject\",\"inLanguage\":\"fr-FR\",\"@id\":\"https:\\\/\\\/www.davidfeldman.com\\\/fr\\\/#\\\/schema\\\/logo\\\/image\\\/\",\"url\":\"https:\\\/\\\/3.248.28.76\\\/wp-content\\\/uploads\\\/2018\\\/08\\\/header_df_logo.jpg\",\"contentUrl\":\"https:\\\/\\\/3.248.28.76\\\/wp-content\\\/uploads\\\/2018\\\/08\\\/header_df_logo.jpg\",\"width\":326,\"height\":55,\"caption\":\"David Feldman SA\"},\"image\":{\"@id\":\"https:\\\/\\\/www.davidfeldman.com\\\/fr\\\/#\\\/schema\\\/logo\\\/image\\\/\"},\"sameAs\":[\"https:\\\/\\\/www.facebook.com\\\/davidfeldmansa\\\/\",\"https:\\\/\\\/www.youtube.com\\\/user\\\/DavidFeldmanSA\",\"https:\\\/\\\/www.instagram.com\\\/davidfeldman_sa\\\/\"]}]}<\/script>\n<!-- \/ Yoast SEO Premium plugin. -->","yoast_head_json":{"title":"L'Histoire de David Feldman SA de 1955 \u00e0 aujourd'hui","description":"D\u00e9couvrez l'histoire de la soci\u00e9t\u00e9 David Feldman SA, depuis la cr\u00e9ation \u00e0 nos jours: les grandes ventes, les d\u00e9veloppements, les records mondiaux...","robots":{"index":"index","follow":"follow","max-snippet":"max-snippet:-1","max-image-preview":"max-image-preview:large","max-video-preview":"max-video-preview:-1"},"canonical":"https:\/\/www.davidfeldman.com\/fr\/a-propos\/historique\/","schema":{"@context":"https:\/\/schema.org","@graph":[{"@type":"WebPage","@id":"https:\/\/www.davidfeldman.com\/fr\/a-propos\/historique\/","url":"https:\/\/www.davidfeldman.com\/fr\/a-propos\/historique\/","name":"L'Histoire de David Feldman SA de 1955 \u00e0 aujourd'hui","isPartOf":{"@id":"https:\/\/www.davidfeldman.com\/fr\/#website"},"datePublished":"2011-08-24T09:22:49+00:00","dateModified":"2018-10-02T13:46:03+00:00","description":"D\u00e9couvrez l'histoire de la soci\u00e9t\u00e9 David Feldman SA, depuis la cr\u00e9ation \u00e0 nos jours: les grandes ventes, les d\u00e9veloppements, les records mondiaux...","breadcrumb":{"@id":"https:\/\/www.davidfeldman.com\/fr\/a-propos\/historique\/#breadcrumb"},"inLanguage":"fr-FR","potentialAction":[{"@type":"ReadAction","target":["https:\/\/www.davidfeldman.com\/fr\/a-propos\/historique\/"]}]},{"@type":"BreadcrumbList","@id":"https:\/\/www.davidfeldman.com\/fr\/a-propos\/historique\/#breadcrumb","itemListElement":[{"@type":"ListItem","position":1,"name":"Accueil","item":"https:\/\/www.davidfeldman.com\/fr\/"},{"@type":"ListItem","position":2,"name":"La soci\u00e9t\u00e9","item":"https:\/\/www.davidfeldman.com\/fr\/a-propos\/"},{"@type":"ListItem","position":3,"name":"Historique"}]},{"@type":"WebSite","@id":"https:\/\/www.davidfeldman.com\/fr\/#website","url":"https:\/\/www.davidfeldman.com\/fr\/","name":"David Feldman International Auctioneers","description":"Ventes aux ench\u00e8res de timbres","publisher":{"@id":"https:\/\/www.davidfeldman.com\/fr\/#organization"},"potentialAction":[{"@type":"SearchAction","target":{"@type":"EntryPoint","urlTemplate":"https:\/\/www.davidfeldman.com\/fr\/?s={search_term_string}"},"query-input":{"@type":"PropertyValueSpecification","valueRequired":true,"valueName":"search_term_string"}}],"inLanguage":"fr-FR"},{"@type":"Organization","@id":"https:\/\/www.davidfeldman.com\/fr\/#organization","name":"David Feldman SA","url":"https:\/\/www.davidfeldman.com\/fr\/","logo":{"@type":"ImageObject","inLanguage":"fr-FR","@id":"https:\/\/www.davidfeldman.com\/fr\/#\/schema\/logo\/image\/","url":"https:\/\/3.248.28.76\/wp-content\/uploads\/2018\/08\/header_df_logo.jpg","contentUrl":"https:\/\/3.248.28.76\/wp-content\/uploads\/2018\/08\/header_df_logo.jpg","width":326,"height":55,"caption":"David Feldman SA"},"image":{"@id":"https:\/\/www.davidfeldman.com\/fr\/#\/schema\/logo\/image\/"},"sameAs":["https:\/\/www.facebook.com\/davidfeldmansa\/","https:\/\/www.youtube.com\/user\/DavidFeldmanSA","https:\/\/www.instagram.com\/davidfeldman_sa\/"]}]}},"_links":{"self":[{"href":"https:\/\/www.davidfeldman.com\/fr\/wp-json\/wp\/v2\/pages\/3154","targetHints":{"allow":["GET"]}}],"collection":[{"href":"https:\/\/www.davidfeldman.com\/fr\/wp-json\/wp\/v2\/pages"}],"about":[{"href":"https:\/\/www.davidfeldman.com\/fr\/wp-json\/wp\/v2\/types\/page"}],"author":[{"embeddable":true,"href":"https:\/\/www.davidfeldman.com\/fr\/wp-json\/wp\/v2\/users\/4"}],"replies":[{"embeddable":true,"href":"https:\/\/www.davidfeldman.com\/fr\/wp-json\/wp\/v2\/comments?post=3154"}],"version-history":[{"count":15,"href":"https:\/\/www.davidfeldman.com\/fr\/wp-json\/wp\/v2\/pages\/3154\/revisions"}],"predecessor-version":[{"id":18880,"href":"https:\/\/www.davidfeldman.com\/fr\/wp-json\/wp\/v2\/pages\/3154\/revisions\/18880"}],"up":[{"embeddable":true,"href":"https:\/\/www.davidfeldman.com\/fr\/wp-json\/wp\/v2\/pages\/952"}],"wp:attachment":[{"href":"https:\/\/www.davidfeldman.com\/fr\/wp-json\/wp\/v2\/media?parent=3154"}],"curies":[{"name":"wp","href":"https:\/\/api.w.org\/{rel}","templated":true}]}}